{"id":13,"date":"2026-02-16T13:06:06","date_gmt":"2026-02-16T13:06:06","guid":{"rendered":"https:\/\/latelierahistoires.fr\/?page_id=13"},"modified":"2026-04-14T12:23:25","modified_gmt":"2026-04-14T12:23:25","slug":"accueil","status":"publish","type":"page","link":"https:\/\/latelierahistoires.fr\/","title":{"rendered":"Accueil"},"content":{"rendered":"\t\t<div data-elementor-type=\"wp-page\" data-elementor-id=\"13\" class=\"elementor elementor-13\">\n\t\t\t\t<div class=\"elementor-element elementor-element-8d30da0 animated-fast e-flex e-con-boxed elementor-invisible e-con e-parent\" data-id=\"8d30da0\" data-element_type=\"container\" data-e-type=\"container\" data-settings=\"{&quot;background_background&quot;:&quot;classic&quot;,&quot;animation&quot;:&quot;fadeIn&quot;}\">\n\t\t\t\t\t<div class=\"e-con-inner\">\n\t\t<div class=\"elementor-element elementor-element-b3c26ac e-flex e-con-boxed e-con e-child\" data-id=\"b3c26ac\" data-element_type=\"container\" data-e-type=\"container\">\n\t\t\t\t\t<div class=\"e-con-inner\">\n\t\t\t\t<div class=\"elementor-element elementor-element-c845d19 elementor-widget__width-inherit elementor-widget elementor-widget-heading\" data-id=\"c845d19\" data-element_type=\"widget\" data-e-type=\"widget\" data-widget_type=\"heading.default\">\n\t\t\t\t\t<h1 class=\"elementor-heading-title elementor-size-default\">L' Atelier \u00e0 Histoires<\/h1>\t\t\t\t<\/div>\n\t\t\t\t<div class=\"elementor-element elementor-element-7084ab9 elementor-align-center elementor-invisible elementor-widget elementor-widget-button\" data-id=\"7084ab9\" data-element_type=\"widget\" data-e-type=\"widget\" data-settings=\"{&quot;_animation&quot;:&quot;fadeInDown&quot;}\" data-widget_type=\"button.default\">\n\t\t\t\t\t\t\t\t\t\t<a class=\"elementor-button elementor-button-link elementor-size-sm\" href=\"https:\/\/latelierahistoires.fr\/index.php\/minscrire-a-un-stage\/\">\n\t\t\t\t\t\t<span class=\"elementor-button-content-wrapper\">\n\t\t\t\t\t\t\t\t\t<span class=\"elementor-button-text\">M'inscrire \u00e0 un stage<\/span>\n\t\t\t\t\t<\/span>\n\t\t\t\t\t<\/a>\n\t\t\t\t\t\t\t\t<\/div>\n\t\t\t\t\t<\/div>\n\t\t\t\t<\/div>\n\t\t\t\t\t<\/div>\n\t\t\t\t<\/div>\n\t\t<div class=\"elementor-element elementor-element-e1d5d5e e-flex e-con-boxed e-con e-child\" data-id=\"e1d5d5e\" data-element_type=\"container\" data-e-type=\"container\">\n\t\t\t\t\t<div class=\"e-con-inner\">\n\t\t<div class=\"elementor-element elementor-element-486dc40 e-con-full e-flex e-con e-child\" data-id=\"486dc40\" data-element_type=\"container\" data-e-type=\"container\">\n\t\t\t\t<div class=\"elementor-element elementor-element-5a06331 elementor-widget elementor-widget-heading\" data-id=\"5a06331\" data-element_type=\"widget\" data-e-type=\"widget\" data-widget_type=\"heading.default\">\n\t\t\t\t\t<h2 class=\"elementor-heading-title elementor-size-default\">Bienvenue !  <\/h2>\t\t\t\t<\/div>\n\t\t\t\t<div class=\"elementor-element elementor-element-38e4e33 elementor-widget elementor-widget-text-editor\" data-id=\"38e4e33\" data-element_type=\"widget\" data-e-type=\"widget\" data-widget_type=\"text-editor.default\">\n\t\t\t\t\t\t\t\t\t<p><strong>L\u2019Atelier \u00e0 Histoires, un lieu de formation d\u00e9di\u00e9 au r\u00e9cit et \u00e0 l\u2019art de conter !<\/strong><\/p><p>Ici, on apprend, on explore, on s\u2019\u00e9merveille !<br \/>Que vous soyez un(e) artiste en chemin, un(e) biblioth\u00e9caire passionn\u00e9(e) par la transmission, un(e) professionnel(le) de sant\u00e9 ou de la petite enfance souhaitant int\u00e9grer le conte dans votre pratique, ou simplement un curieux, une curieuse, souhaitant d\u00e9couvrir l\u2019univers des histoires, vous \u00eates au bon endroit.<\/p><p>Nous proposons des formations adapt\u00e9es \u00e0 tous les niveaux :<br \/>\u2013 des stages approfondis pour d\u00e9velopper et affiner votre art du r\u00e9cit, que vous soyez d\u00e9butant(e) ou confirm\u00e9(e)<br \/>\u2013 des ateliers ou stages sur mesure, con\u00e7us pour les collectivit\u00e9s, les associations, les collectifs de conteurs\/conteuses, autour d\u2019un th\u00e8me ou d\u2019un questionnement particulier. <br \/>Nous nous adapterons \u00e0 votre demande et \u00e0 vos publics.<\/p><p>A l\u2019Atelier \u00e0 Histoires, vous \u00eates un peu chez vous.<br \/>Un espace vivant o\u00f9 chaque voix compte, o\u00f9 chaque histoire trouve sa place.<\/p><p>\u2728 Bienvenue chez vous !<\/p>\t\t\t\t\t\t\t\t<\/div>\n\t\t\t\t<div class=\"elementor-element elementor-element-c52138d elementor-widget elementor-widget-button\" data-id=\"c52138d\" data-element_type=\"widget\" data-e-type=\"widget\" data-widget_type=\"button.default\">\n\t\t\t\t\t\t\t\t\t\t<a class=\"elementor-button elementor-button-link elementor-size-sm\" href=\"https:\/\/latelierahistoires.fr\/index.php\/contact\/\">\n\t\t\t\t\t\t<span class=\"elementor-button-content-wrapper\">\n\t\t\t\t\t\t\t\t\t<span class=\"elementor-button-text\">Nous contacter<\/span>\n\t\t\t\t\t<\/span>\n\t\t\t\t\t<\/a>\n\t\t\t\t\t\t\t\t<\/div>\n\t\t\t\t<\/div>\n\t\t<div class=\"elementor-element elementor-element-a2e52aa e-con-full e-flex e-con e-child\" data-id=\"a2e52aa\" data-element_type=\"container\" data-e-type=\"container\">\n\t\t\t\t<div class=\"elementor-element elementor-element-fa1cf51 elementor-mobile-align-center elementor-widget elementor-widget-button\" data-id=\"fa1cf51\" data-element_type=\"widget\" data-e-type=\"widget\" data-widget_type=\"button.default\">\n\t\t\t\t\t\t\t\t\t\t<a class=\"elementor-button elementor-button-link elementor-size-sm\" href=\"http:\/\/latelierahistoires.fr\/wp-content\/uploads\/2026\/02\/certificat-b00980-2024-12-22t23_00_00z.pdf\">\n\t\t\t\t\t\t<span class=\"elementor-button-content-wrapper\">\n\t\t\t\t\t\t<span class=\"elementor-button-icon\">\n\t\t\t\t<svg aria-hidden=\"true\" class=\"e-font-icon-svg e-fas-file-download\" viewBox=\"0 0 384 512\" xmlns=\"http:\/\/www.w3.org\/2000\/svg\"><path d=\"M224 136V0H24C10.7 0 0 10.7 0 24v464c0 13.3 10.7 24 24 24h336c13.3 0 24-10.7 24-24V160H248c-13.2 0-24-10.8-24-24zm76.45 211.36l-96.42 95.7c-6.65 6.61-17.39 6.61-24.04 0l-96.42-95.7C73.42 337.29 80.54 320 94.82 320H160v-80c0-8.84 7.16-16 16-16h32c8.84 0 16 7.16 16 16v80h65.18c14.28 0 21.4 17.29 11.27 27.36zM377 105L279.1 7c-4.5-4.5-10.6-7-17-7H256v128h128v-6.1c0-6.3-2.5-12.4-7-16.9z\"><\/path><\/svg>\t\t\t<\/span>\n\t\t\t\t\t\t\t\t\t<span class=\"elementor-button-text\"> Consulter notre Certificat Qualiopi<\/span>\n\t\t\t\t\t<\/span>\n\t\t\t\t\t<\/a>\n\t\t\t\t\t\t\t\t<\/div>\n\t\t\t\t<div class=\"elementor-element elementor-element-6bc7695 elementor-widget__width-inherit elementor-widget elementor-widget-image\" data-id=\"6bc7695\" data-element_type=\"widget\" data-e-type=\"widget\" data-widget_type=\"image.default\">\n\t\t\t\t\t\t\t\t\t\t\t\t\t\t\t<img fetchpriority=\"high\" decoding=\"async\" width=\"600\" height=\"293\" src=\"https:\/\/latelierahistoires.fr\/wp-content\/uploads\/2026\/02\/qualiopi_actions_de_formation-site.jpg\" class=\"attachment-full size-full wp-image-100\" alt=\"\" srcset=\"https:\/\/latelierahistoires.fr\/wp-content\/uploads\/2026\/02\/qualiopi_actions_de_formation-site.jpg 600w, https:\/\/latelierahistoires.fr\/wp-content\/uploads\/2026\/02\/qualiopi_actions_de_formation-site-300x147.jpg 300w\" sizes=\"(max-width: 600px) 100vw, 600px\" \/>\t\t\t\t\t\t\t\t\t\t\t\t\t\t\t<\/div>\n\t\t\t\t<\/div>\n\t\t\t\t\t<\/div>\n\t\t\t\t<\/div>\n\t\t\t\t<\/div>\n\t\t","protected":false},"excerpt":{"rendered":"<p>L&rsquo; Atelier \u00e0 Histoires M&rsquo;inscrire \u00e0 un stage Bienvenue ! L\u2019Atelier \u00e0 Histoires, un lieu de formation d\u00e9di\u00e9 au r\u00e9cit et \u00e0 l\u2019art de conter ! Ici, on apprend, on explore, on s\u2019\u00e9merveille !Que vous soyez un(e) artiste en chemin, un(e) biblioth\u00e9caire passionn\u00e9(e) par la transmission, un(e) professionnel(le) de sant\u00e9 ou de la petite enfance&#8230;<\/p>\n","protected":false},"author":1,"featured_media":0,"parent":0,"menu_order":0,"comment_status":"closed","ping_status":"closed","template":"","meta":{"_kad_post_transparent":"","_kad_post_title":"hide","_kad_post_layout":"fullwidth","_kad_post_sidebar_id":"","_kad_post_content_style":"unboxed","_kad_post_vertical_padding":"hide","_kad_post_feature":"hide","_kad_post_feature_position":"","_kad_post_header":false,"_kad_post_footer":false,"_kad_post_classname":"","footnotes":""},"class_list":["post-13","page","type-page","status-publish","hentry"],"_links":{"self":[{"href":"https:\/\/latelierahistoires.fr\/index.php\/wp-json\/wp\/v2\/pages\/13","targetHints":{"allow":["GET"]}}],"collection":[{"href":"https:\/\/latelierahistoires.fr\/index.php\/wp-json\/wp\/v2\/pages"}],"about":[{"href":"https:\/\/latelierahistoires.fr\/index.php\/wp-json\/wp\/v2\/types\/page"}],"author":[{"embeddable":true,"href":"https:\/\/latelierahistoires.fr\/index.php\/wp-json\/wp\/v2\/users\/1"}],"replies":[{"embeddable":true,"href":"https:\/\/latelierahistoires.fr\/index.php\/wp-json\/wp\/v2\/comments?post=13"}],"version-history":[{"count":127,"href":"https:\/\/latelierahistoires.fr\/index.php\/wp-json\/wp\/v2\/pages\/13\/revisions"}],"predecessor-version":[{"id":928,"href":"https:\/\/latelierahistoires.fr\/index.php\/wp-json\/wp\/v2\/pages\/13\/revisions\/928"}],"wp:attachment":[{"href":"https:\/\/latelierahistoires.fr\/index.php\/wp-json\/wp\/v2\/media?parent=13"}],"curies":[{"name":"wp","href":"https:\/\/api.w.org\/{rel}","templated":true}]}}