{"id":22,"date":"2026-02-16T13:07:18","date_gmt":"2026-02-16T13:07:18","guid":{"rendered":"https:\/\/latelierahistoires.fr\/?page_id=22"},"modified":"2026-04-07T07:50:16","modified_gmt":"2026-04-07T07:50:16","slug":"contact","status":"publish","type":"page","link":"https:\/\/latelierahistoires.fr\/index.php\/contact\/","title":{"rendered":"Contact"},"content":{"rendered":"\t\t<div data-elementor-type=\"wp-page\" data-elementor-id=\"22\" class=\"elementor elementor-22\">\n\t\t\t\t<div class=\"elementor-element elementor-element-de1e26f e-flex e-con-boxed e-con e-parent\" data-id=\"de1e26f\" data-element_type=\"container\" data-e-type=\"container\">\n\t\t\t\t\t<div class=\"e-con-inner\">\n\t\t\t\t<div class=\"elementor-element elementor-element-1151e60 elementor-widget elementor-widget-heading\" data-id=\"1151e60\" data-element_type=\"widget\" data-e-type=\"widget\" data-widget_type=\"heading.default\">\n\t\t\t\t\t<h2 class=\"elementor-heading-title elementor-size-default\">Nous contacter<\/h2>\t\t\t\t<\/div>\n\t\t\t\t<div class=\"elementor-element elementor-element-ec9cc5a elementor-widget elementor-widget-text-editor\" data-id=\"ec9cc5a\" data-element_type=\"widget\" data-e-type=\"widget\" data-widget_type=\"text-editor.default\">\n\t\t\t\t\t\t\t\t\t<h3><b>L\u2019Atelier \u00e0 Histoires<\/b><\/h3><p><span style=\"background-color: rgba(0, 0, 0, 0);\">49 grande rue<br \/><\/span><span style=\"background-color: rgba(0, 0, 0, 0);\">90300 SERMAMAGNY<br \/>Tel : 09 72 13 08 80<br \/><\/span><strong style=\"background-color: rgba(0, 0, 0, 0);\"><a href=\"mailto:contact@atelierahistoires.fr\">contact@atelierahistoires.fr<\/a><\/strong><\/p>\t\t\t\t\t\t\t\t<\/div>\n\t\t\t\t<div class=\"elementor-element elementor-element-5313cb8 elementor-widget elementor-widget-image\" data-id=\"5313cb8\" data-element_type=\"widget\" data-e-type=\"widget\" data-widget_type=\"image.default\">\n\t\t\t\t\t\t\t\t\t\t\t\t\t\t\t<img fetchpriority=\"high\" decoding=\"async\" width=\"700\" height=\"168\" src=\"https:\/\/latelierahistoires.fr\/wp-content\/uploads\/2026\/02\/logoqualiopi-2022-news2-2.jpg\" class=\"attachment-medium_large size-medium_large wp-image-261\" alt=\"\" srcset=\"https:\/\/latelierahistoires.fr\/wp-content\/uploads\/2026\/02\/logoqualiopi-2022-news2-2.jpg 700w, https:\/\/latelierahistoires.fr\/wp-content\/uploads\/2026\/02\/logoqualiopi-2022-news2-2-300x72.jpg 300w\" sizes=\"(max-width: 700px) 100vw, 700px\" \/>\t\t\t\t\t\t\t\t\t\t\t\t\t\t\t<\/div>\n\t\t\t\t<div class=\"elementor-element elementor-element-4659abd3 elementor-widget__width-initial elementor-widget-mobile__width-inherit elementor-widget elementor-widget-heading\" data-id=\"4659abd3\" data-element_type=\"widget\" data-e-type=\"widget\" data-widget_type=\"heading.default\">\n\t\t\t\t\t<h2 class=\"elementor-heading-title elementor-size-default\">L\u2019Atelier \u00e0 Histoires est une activit\u00e9 de l\u2019association Les Singuliers.<\/h2>\t\t\t\t<\/div>\n\t\t\t\t\t<\/div>\n\t\t\t\t<\/div>\n\t\t<div class=\"elementor-element elementor-element-57e4315 e-flex e-con-boxed e-con e-parent\" data-id=\"57e4315\" data-element_type=\"container\" data-e-type=\"container\">\n\t\t\t\t\t<div class=\"e-con-inner\">\n\t\t\t\t<div class=\"elementor-element elementor-element-6804cc47 elementor-widget__width-initial elementor-widget-mobile__width-inherit elementor-widget elementor-widget-text-editor\" data-id=\"6804cc47\" data-element_type=\"widget\" data-e-type=\"widget\" data-widget_type=\"text-editor.default\">\n\t\t\t\t\t\t\t\t\t<p><em><span style=\"background-color: rgba(0, 0, 0, 0);\">Organisme de formation enregistr\u00e9 sous le n\u00b0 43900049990 &#8211; Pr\u00e9fecture de Franche Comt\u00e9<br \/>Association Loi 1901<br \/>Pr\u00e9fecture du Territoire de Belfort, d\u00e9claration de modification n\u00b0W251000992<br \/>SIRET : 438 123 879 000 27 &#8211; Code APE : 9001Z<br \/>Pr\u00e9sidente : Florence Pirot<\/span><\/em><\/p>\t\t\t\t\t\t\t\t<\/div>\n\t\t\t\t<div class=\"elementor-element elementor-element-83be85e elementor-align-center elementor-widget elementor-widget-button\" data-id=\"83be85e\" data-element_type=\"widget\" data-e-type=\"widget\" data-widget_type=\"button.default\">\n\t\t\t\t\t\t\t\t\t\t<a class=\"elementor-button elementor-button-link elementor-size-sm\" href=\"https:\/\/www.lejardindesmots.fr\">\n\t\t\t\t\t\t<span class=\"elementor-button-content-wrapper\">\n\t\t\t\t\t\t\t\t\t<span class=\"elementor-button-text\">Pour poursuivre vos recherches, d\u00e9couvrez les livres et livres audio de conte du Jardin des Mots<\/span>\n\t\t\t\t\t<\/span>\n\t\t\t\t\t<\/a>\n\t\t\t\t\t\t\t\t<\/div>\n\t\t\t\t\t<\/div>\n\t\t\t\t<\/div>\n\t\t<div class=\"elementor-element elementor-element-5057b96 e-flex e-con-boxed e-con e-child\" data-id=\"5057b96\" data-element_type=\"container\" data-e-type=\"container\" data-settings=\"{&quot;background_background&quot;:&quot;classic&quot;}\">\n\t\t\t\t\t<div class=\"e-con-inner\">\n\t\t\t\t<div class=\"elementor-element elementor-element-f784e03 elementor-widget__width-initial elementor-widget-mobile__width-inherit elementor-widget elementor-widget-heading\" data-id=\"f784e03\" data-element_type=\"widget\" data-e-type=\"widget\" data-widget_type=\"heading.default\">\n\t\t\t\t\t<h2 class=\"elementor-heading-title elementor-size-default\">Intention<\/h2>\t\t\t\t<\/div>\n\t\t\t\t<div class=\"elementor-element elementor-element-0b71cd1 elementor-widget__width-initial elementor-widget-mobile__width-inherit elementor-widget elementor-widget-text-editor\" data-id=\"0b71cd1\" data-element_type=\"widget\" data-e-type=\"widget\" data-widget_type=\"text-editor.default\">\n\t\t\t\t\t\t\t\t\t<p>L\u2019Atelier \u00e0 Histoires, un lieu d\u2019apprentissage, d\u2019exp\u00e9rimentation, d\u2019enrichissement pour un travail \u00ab\u00a0au fil de l\u2019eau\u00a0\u00bb car une oeuvre artistique s\u2019\u00e9panouit dans le temps et parce que devenir conteur est un parcours de vie&#8230;<\/p><p>Entrepreneur de spectacles pour \u00ab\u00a0Les Singuliers\u00a0\u00bb, je ne suis pas conteur et ne le serai jamais. Pourtant, je comprends combien il faut \u00ab\u00a0m\u00fbrir\u00a0\u00bb une parole avant d\u2019aimer la porter.<br \/>Et je mesure que le chemin est long entre des histoires encore fragiles et de beaux voyages.<\/p><p>En cr\u00e9ant l\u2019Atelier \u00e0 Histoires, j\u2019ai tent\u00e9 de r\u00e9pondre \u00e0 l\u2019attente de ceux qui -conteurs d\u00e9butants ou avanc\u00e9s- progressent avec pers\u00e9v\u00e9rance sur le chemin de leur pratique, en mettant \u00e0 leur disposition une organisation qui leur permet d\u2019\u00eatre accompagn\u00e9s par des formateurs hors du commun.<\/p><p>A cet effet, nous proposons des programmes de 3 \u00e0 5 jours, ou -sur demande- des suivis r\u00e9guliers destin\u00e9s \u00e0 des artistes souhaitant approfondir leur pratique.<\/p><p>Nous souhaitons \u00e9galement r\u00e9pondre \u00e0 des attentes singuli\u00e8res, en proposant des formations \u00ab\u00a0\u00e0 la carte\u00a0\u00bb sur demande (guide-conf\u00e9rencier, regard ext\u00e9rieur sur une cr\u00e9ation&#8230;).<\/p><p>Nous ne sommes pas propri\u00e9taires de l\u2019Atelier \u00e0 Histoires, car il appartient \u00e0 ceux qui s\u2019en servent !<br \/>Alors, bienvenue chez vous&#8230; !<\/p><p><strong><em>Andr\u00e9 Schann<\/em><\/strong><\/p><p><em><br \/>Sensible aux questions environnementales, \u00ab\u00a0L\u2019Atelier \u00e0 Histoires\u00a0\u00bb pratique le tri, g\u00e8re raisonnablement les ressources (gaz, \u00e9lectricit\u00e9, eau&#8230;) et emploie des produits \u00e9cologiques pour le bureau (papier recycl\u00e9, enveloppes recycl\u00e9es, fournitures de bureau en mati\u00e8re premi\u00e8re renouvelable).<\/em><\/p><p>Il recommande le site <a href=\"https:\/\/www.ecoburo.fr\/\">Ecoburo<\/a> et <a href=\"http:\/\/www.unbureausurlaterre.com\/\">Un bureau sur la terre<\/a><\/p>\t\t\t\t\t\t\t\t<\/div>\n\t\t\t\t\t<\/div>\n\t\t\t\t<\/div>\n\t\t\t\t<\/div>\n\t\t","protected":false},"excerpt":{"rendered":"<p>Nous contacter L\u2019Atelier \u00e0 Histoires 49 grande rue90300 SERMAMAGNYTel : 09 72 13 08 80contact@atelierahistoires.fr L\u2019Atelier \u00e0 Histoires est une activit\u00e9 de l\u2019association Les Singuliers. Organisme de formation enregistr\u00e9 sous le n\u00b0 43900049990 &#8211; Pr\u00e9fecture de Franche Comt\u00e9Association Loi 1901Pr\u00e9fecture du Territoire de Belfort, d\u00e9claration de modification n\u00b0W251000992SIRET : 438 123 879 000 27 &#8211;&#8230;<\/p>\n","protected":false},"author":1,"featured_media":0,"parent":0,"menu_order":0,"comment_status":"closed","ping_status":"closed","template":"","meta":{"_kad_post_transparent":"","_kad_post_title":"hide","_kad_post_layout":"fullwidth","_kad_post_sidebar_id":"","_kad_post_content_style":"unboxed","_kad_post_vertical_padding":"hide","_kad_post_feature":"hide","_kad_post_feature_position":"","_kad_post_header":false,"_kad_post_footer":false,"_kad_post_classname":"","footnotes":""},"class_list":["post-22","page","type-page","status-publish","hentry"],"_links":{"self":[{"href":"https:\/\/latelierahistoires.fr\/index.php\/wp-json\/wp\/v2\/pages\/22","targetHints":{"allow":["GET"]}}],"collection":[{"href":"https:\/\/latelierahistoires.fr\/index.php\/wp-json\/wp\/v2\/pages"}],"about":[{"href":"https:\/\/latelierahistoires.fr\/index.php\/wp-json\/wp\/v2\/types\/page"}],"author":[{"embeddable":true,"href":"https:\/\/latelierahistoires.fr\/index.php\/wp-json\/wp\/v2\/users\/1"}],"replies":[{"embeddable":true,"href":"https:\/\/latelierahistoires.fr\/index.php\/wp-json\/wp\/v2\/comments?post=22"}],"version-history":[{"count":61,"href":"https:\/\/latelierahistoires.fr\/index.php\/wp-json\/wp\/v2\/pages\/22\/revisions"}],"predecessor-version":[{"id":916,"href":"https:\/\/latelierahistoires.fr\/index.php\/wp-json\/wp\/v2\/pages\/22\/revisions\/916"}],"wp:attachment":[{"href":"https:\/\/latelierahistoires.fr\/index.php\/wp-json\/wp\/v2\/media?parent=22"}],"curies":[{"name":"wp","href":"https:\/\/api.w.org\/{rel}","templated":true}]}}