{"id":29,"date":"2026-02-16T13:08:40","date_gmt":"2026-02-16T13:08:40","guid":{"rendered":"https:\/\/latelierahistoires.fr\/?page_id=29"},"modified":"2026-02-16T13:32:03","modified_gmt":"2026-02-16T13:32:03","slug":"cgu","status":"publish","type":"page","link":"https:\/\/latelierahistoires.fr\/index.php\/cgu\/","title":{"rendered":"CGU"},"content":{"rendered":"\t\t<div data-elementor-type=\"wp-page\" data-elementor-id=\"29\" class=\"elementor elementor-29\">\n\t\t\t\t<div class=\"elementor-element elementor-element-6a17120 e-flex e-con-boxed e-con e-parent\" data-id=\"6a17120\" data-element_type=\"container\" data-e-type=\"container\">\n\t\t\t\t\t<div class=\"e-con-inner\">\n\t\t\t\t<div class=\"elementor-element elementor-element-c839037 elementor-widget elementor-widget-heading\" data-id=\"c839037\" data-element_type=\"widget\" data-e-type=\"widget\" data-widget_type=\"heading.default\">\n\t\t\t\t\t<h2 class=\"elementor-heading-title elementor-size-default\">CGU<\/h2>\t\t\t\t<\/div>\n\t\t\t\t<div class=\"elementor-element elementor-element-8eab05d elementor-widget__width-initial elementor-widget-mobile__width-inherit elementor-widget elementor-widget-text-editor\" data-id=\"8eab05d\" data-element_type=\"widget\" data-e-type=\"widget\" data-widget_type=\"text-editor.default\">\n\t\t\t\t\t\t\t\t\t<p>Article 1 : Objet<br>Les pr\u00e9sentes CGU encadrent l\u2019utilisation des services du site www.atelierahistoires.fr (ci-apr\u00e8s d\u00e9nomm\u00e9 \u00ab le site \u00bb).<br>Constituant le contrat entre l\u2019Atelier \u00e0 Histoires et l\u2019Utilisateur, l\u2019acc\u00e8s au site signifie l\u2019acceptation des pr\u00e9sentes CGU.<\/p>\n<p>Article 2 : Mentions l\u00e9gales <br>L\u2019\u00e9dition du site cagec.fr est assur\u00e9e par la soci\u00e9t\u00e9 UEBU dont le si\u00e8ge social est localis\u00e9 au 16 rue Gustave Courbet &#8211; 25400 Audincourt.<br>DIRECTEUR, GERANT : Abdelhalim AITBRAHIM<br>L\u2019h\u00e9bergeur du site cagec.fr. est la soci\u00e9t\u00e9 OVH SAS : 2 rue Kellermann, 59100 Roubaix, France.<\/p>\n<p>Article 3 : Acc\u00e8s au site<br>Le site est accessible gratuitement depuis n\u2019importe o\u00f9 par tout utilisateur disposant d\u2019un acc\u00e8s \u00e0 Internet. Tous les frais n\u00e9cessaires pour l\u2019acc\u00e8s aux services (mat\u00e9riel informatique, connexion Internet\u2026) sont \u00e0 la charge de l\u2019utilisateur.<br>Pour des raisons de maintenance ou autres, l\u2019acc\u00e8s au site peut \u00eatre interrompu ou suspendu par l\u2019\u00e9diteur sans pr\u00e9avis ni justification.<\/p>\n<p>Article 4 : Propri\u00e9t\u00e9 intellectuelle<br>Les marques, logos ainsi que les contenus du site www.atelierahistoires.fr (illustrations graphiques, textes\u2026) sont prot\u00e9g\u00e9s par le Code de la propri\u00e9t\u00e9 intellectuelle et par le droit d\u2019auteur.<br>La reproduction et la copie des contenus par l\u2019Utilisateur requi\u00e8rent une autorisation pr\u00e9alable du site. Toute utilisation \u00e0 des usages commerciaux ou \u00e0 des fins publicitaires est proscrite.<\/p>\n<p>Article 5 : Responsabilit\u00e9<br>Bien que les informations publi\u00e9es sur le site soient r\u00e9put\u00e9es fiables, le site se r\u00e9serve la facult\u00e9 d\u2019une non-garantie de la fiabilit\u00e9 des sources.<br>Les informations diffus\u00e9es sur le site www.atelierahistoires.fr sont pr\u00e9sent\u00e9es \u00e0 titre purement informatif et sont sans valeur contractuelle. En d\u00e9pit des mises \u00e0 jour r\u00e9guli\u00e8res, la responsabilit\u00e9 du site ne peut \u00eatre engag\u00e9e en cas de modification des dispositions administratives et juridiques apparaissant apr\u00e8s la publication.<br>Le site d\u00e9cline toute responsabilit\u00e9 concernant les \u00e9ventuels virus pouvant infecter le mat\u00e9riel informatique de l\u2019Utilisateur apr\u00e8s l\u2019utilisation ou l\u2019acc\u00e8s \u00e0 ce site.<br>La garantie totale de la s\u00e9curit\u00e9 et la confidentialit\u00e9 des donn\u00e9es n\u2019est pas assur\u00e9e par le site. Cependant, le site s\u2019engage \u00e0 mettre en \u0153uvre toutes les m\u00e9thodes requises pour le faire au mieux.<\/p>\n<p>Article 6 : Liens hypertextes<br>Le site peut \u00eatre constitu\u00e9 de liens hypertextes. En cliquant sur ces derniers, l\u2019Utilisateur sortira du site. L\u2019Atelier \u00e0 Histoires ne peut pas \u00eatre tenue responsable du contenu des pages web relatives \u00e0 ces liens.<br>Vous \u00eates autoris\u00e9s \u00e0 cr\u00e9er tous les liens dont vous avez besoin, \u00e0 condition qu\u2019il respectent le copyright (pas de reprise d\u2019informations, de documents ou d\u2019images de fa\u00e7on invisible pour les internautes).<\/p>\n<p>Article 7 : Dur\u00e9e du contrat<br>Le pr\u00e9sent contrat est valable pour une dur\u00e9e ind\u00e9termin\u00e9e. Le d\u00e9but de l\u2019utilisation des services du site marque l\u2019application du contrat \u00e0 l\u2019\u00e9gard de l\u2019Utilisateur.<\/p>\n<p>Article 8 : Droit applicable et juridiction comp\u00e9tente<br>Le pr\u00e9sent contrat est soumis \u00e0 la l\u00e9gislation fran\u00e7aise. L\u2019absence de r\u00e9solution \u00e0 l\u2019amiable des cas de litige entre les parties implique le recours aux tribunaux fran\u00e7ais comp\u00e9tents pour r\u00e9gler le contentieux.<\/p>\t\t\t\t\t\t\t\t<\/div>\n\t\t\t\t\t<\/div>\n\t\t\t\t<\/div>\n\t\t\t\t<\/div>\n\t\t","protected":false},"excerpt":{"rendered":"<p>CGU Article 1 : ObjetLes pr\u00e9sentes CGU encadrent l\u2019utilisation des services du site www.atelierahistoires.fr (ci-apr\u00e8s d\u00e9nomm\u00e9 \u00ab le site \u00bb).Constituant le contrat entre l\u2019Atelier \u00e0 Histoires et l\u2019Utilisateur, l\u2019acc\u00e8s au site signifie l\u2019acceptation des pr\u00e9sentes CGU. Article 2 : Mentions l\u00e9gales L\u2019\u00e9dition du site cagec.fr est assur\u00e9e par la soci\u00e9t\u00e9 UEBU dont le si\u00e8ge social&#8230;<\/p>\n","protected":false},"author":1,"featured_media":0,"parent":0,"menu_order":0,"comment_status":"closed","ping_status":"closed","template":"","meta":{"_kad_post_transparent":"","_kad_post_title":"hide","_kad_post_layout":"fullwidth","_kad_post_sidebar_id":"","_kad_post_content_style":"unboxed","_kad_post_vertical_padding":"hide","_kad_post_feature":"hide","_kad_post_feature_position":"","_kad_post_header":false,"_kad_post_footer":false,"_kad_post_classname":"","footnotes":""},"class_list":["post-29","page","type-page","status-publish","hentry"],"_links":{"self":[{"href":"https:\/\/latelierahistoires.fr\/index.php\/wp-json\/wp\/v2\/pages\/29","targetHints":{"allow":["GET"]}}],"collection":[{"href":"https:\/\/latelierahistoires.fr\/index.php\/wp-json\/wp\/v2\/pages"}],"about":[{"href":"https:\/\/latelierahistoires.fr\/index.php\/wp-json\/wp\/v2\/types\/page"}],"author":[{"embeddable":true,"href":"https:\/\/latelierahistoires.fr\/index.php\/wp-json\/wp\/v2\/users\/1"}],"replies":[{"embeddable":true,"href":"https:\/\/latelierahistoires.fr\/index.php\/wp-json\/wp\/v2\/comments?post=29"}],"version-history":[{"count":17,"href":"https:\/\/latelierahistoires.fr\/index.php\/wp-json\/wp\/v2\/pages\/29\/revisions"}],"predecessor-version":[{"id":60,"href":"https:\/\/latelierahistoires.fr\/index.php\/wp-json\/wp\/v2\/pages\/29\/revisions\/60"}],"wp:attachment":[{"href":"https:\/\/latelierahistoires.fr\/index.php\/wp-json\/wp\/v2\/media?parent=29"}],"curies":[{"name":"wp","href":"https:\/\/api.w.org\/{rel}","templated":true}]}}