{"id":547,"date":"2026-02-17T16:45:18","date_gmt":"2026-02-17T16:45:18","guid":{"rendered":"https:\/\/latelierahistoires.fr\/?page_id=547"},"modified":"2026-02-20T08:27:07","modified_gmt":"2026-02-20T08:27:07","slug":"comment-naissent-les-images","status":"publish","type":"page","link":"https:\/\/latelierahistoires.fr\/index.php\/minscrire-a-un-stage\/comment-naissent-les-images\/","title":{"rendered":"Comment naissent les images ?"},"content":{"rendered":"\t\t<div data-elementor-type=\"wp-page\" data-elementor-id=\"547\" class=\"elementor elementor-547\">\n\t\t\t\t<div class=\"elementor-element elementor-element-c2298f3 e-flex e-con-boxed e-con e-parent\" data-id=\"c2298f3\" data-element_type=\"container\" data-e-type=\"container\" data-settings=\"{&quot;background_background&quot;:&quot;classic&quot;}\">\n\t\t\t\t\t<div class=\"e-con-inner\">\n\t\t<div class=\"elementor-element elementor-element-9bef737 e-con-full e-flex e-con e-child\" data-id=\"9bef737\" data-element_type=\"container\" data-e-type=\"container\">\n\t\t\t\t<div class=\"elementor-element elementor-element-f6f885d elementor-widget elementor-widget-heading\" data-id=\"f6f885d\" data-element_type=\"widget\" data-e-type=\"widget\" data-widget_type=\"heading.default\">\n\t\t\t\t\t<h2 class=\"elementor-heading-title elementor-size-default\">Comment naissent les images ? par Swan Blach\u00e8re<\/h2>\t\t\t\t<\/div>\n\t\t\t\t<div class=\"elementor-element elementor-element-942c7a7 elementor-widget elementor-widget-heading\" data-id=\"942c7a7\" data-element_type=\"widget\" data-e-type=\"widget\" data-widget_type=\"heading.default\">\n\t\t\t\t\t<p class=\"elementor-heading-title elementor-size-default\">Du Mercredi 26 au Dimanche 30 Ao\u00fbt 2026<\/p>\t\t\t\t<\/div>\n\t\t\t\t<\/div>\n\t\t<div class=\"elementor-element elementor-element-4f74591 e-con-full e-flex e-con e-child\" data-id=\"4f74591\" data-element_type=\"container\" data-e-type=\"container\">\n\t\t\t\t<div class=\"elementor-element elementor-element-b8ef8ab elementor-widget elementor-widget-image\" data-id=\"b8ef8ab\" data-element_type=\"widget\" data-e-type=\"widget\" data-widget_type=\"image.default\">\n\t\t\t\t\t\t\t\t\t\t\t\t\t\t\t<img fetchpriority=\"high\" decoding=\"async\" width=\"281\" height=\"300\" src=\"https:\/\/latelierahistoires.fr\/wp-content\/uploads\/2026\/02\/Stage-Images-Swan-281x300.jpg\" class=\"attachment-medium size-medium wp-image-647\" alt=\"\" srcset=\"https:\/\/latelierahistoires.fr\/wp-content\/uploads\/2026\/02\/Stage-Images-Swan-281x300.jpg 281w, https:\/\/latelierahistoires.fr\/wp-content\/uploads\/2026\/02\/Stage-Images-Swan.jpg 469w\" sizes=\"(max-width: 281px) 100vw, 281px\" \/>\t\t\t\t\t\t\t\t\t\t\t\t\t\t\t<\/div>\n\t\t\t\t<\/div>\n\t\t\t\t\t<\/div>\n\t\t\t\t<\/div>\n\t\t<div class=\"elementor-element elementor-element-4c80a89 e-grid e-con-boxed e-con e-parent\" data-id=\"4c80a89\" data-element_type=\"container\" data-e-type=\"container\">\n\t\t\t\t\t<div class=\"e-con-inner\">\n\t\t\t\t<div class=\"elementor-element elementor-element-86c06b4 elementor-widget elementor-widget-n-accordion\" data-id=\"86c06b4\" data-element_type=\"widget\" data-e-type=\"widget\" data-settings=\"{&quot;default_state&quot;:&quot;expanded&quot;,&quot;max_items_expended&quot;:&quot;one&quot;,&quot;n_accordion_animation_duration&quot;:{&quot;unit&quot;:&quot;ms&quot;,&quot;size&quot;:400,&quot;sizes&quot;:[]}}\" data-widget_type=\"nested-accordion.default\">\n\t\t\t\t\t\t\t<div class=\"e-n-accordion\" aria-label=\"Accordion. Open links with Enter or Space, close with Escape, and navigate with Arrow Keys\">\n\t\t\t\t\t\t<details id=\"e-n-accordion-item-1410\" class=\"e-n-accordion-item\" open>\n\t\t\t\t<summary class=\"e-n-accordion-item-title\" data-accordion-index=\"1\" tabindex=\"0\" aria-expanded=\"true\" aria-controls=\"e-n-accordion-item-1410\" >\n\t\t\t\t\t<span class='e-n-accordion-item-title-header'><div class=\"e-n-accordion-item-title-text\"> Contenu de la formation : <\/div><\/span>\n\t\t\t\t\t\t\t<span class='e-n-accordion-item-title-icon'>\n\t\t\t<span class='e-opened' ><svg aria-hidden=\"true\" class=\"e-font-icon-svg e-fas-minus\" viewBox=\"0 0 448 512\" xmlns=\"http:\/\/www.w3.org\/2000\/svg\"><path d=\"M416 208H32c-17.67 0-32 14.33-32 32v32c0 17.67 14.33 32 32 32h384c17.67 0 32-14.33 32-32v-32c0-17.67-14.33-32-32-32z\"><\/path><\/svg><\/span>\n\t\t\t<span class='e-closed'><svg aria-hidden=\"true\" class=\"e-font-icon-svg e-fas-plus\" viewBox=\"0 0 448 512\" xmlns=\"http:\/\/www.w3.org\/2000\/svg\"><path d=\"M416 208H272V64c0-17.67-14.33-32-32-32h-32c-17.67 0-32 14.33-32 32v144H32c-17.67 0-32 14.33-32 32v32c0 17.67 14.33 32 32 32h144v144c0 17.67 14.33 32 32 32h32c17.67 0 32-14.33 32-32V304h144c17.67 0 32-14.33 32-32v-32c0-17.67-14.33-32-32-32z\"><\/path><\/svg><\/span>\n\t\t<\/span>\n\n\t\t\t\t\t\t<\/summary>\n\t\t\t\t<div role=\"region\" aria-labelledby=\"e-n-accordion-item-1410\" class=\"elementor-element elementor-element-4c6aea8 e-con-full e-flex e-con e-child\" data-id=\"4c6aea8\" data-element_type=\"container\" data-e-type=\"container\">\n\t\t<div role=\"region\" aria-labelledby=\"e-n-accordion-item-1410\" class=\"elementor-element elementor-element-332e362 e-flex e-con-boxed e-con e-child\" data-id=\"332e362\" data-element_type=\"container\" data-e-type=\"container\">\n\t\t\t\t\t<div class=\"e-con-inner\">\n\t\t\t\t<div class=\"elementor-element elementor-element-2673467 elementor-widget__width-initial elementor-widget-mobile__width-inherit elementor-widget-tablet__width-inherit elementor-widget elementor-widget-text-editor\" data-id=\"2673467\" data-element_type=\"widget\" data-e-type=\"widget\" data-widget_type=\"text-editor.default\">\n\t\t\t\t\t\t\t\t\t<p>J\u2019ai tout vu, j\u2019y \u00e9tais !<br \/>N\u2019est-ce pas cela que l\u2019on voudrait vivre et faire vivre, quand on raconte ?<br \/>Vous le savez bien, les mots ne suffisent pas..sinon, on se contenterait de lire des livres, d\u2019apprendre des histoires par c\u0153ur..mais ce n\u2019est pas tout \u00e0 fait comme \u00e7a que \u00e7a marche !<br \/>Et si raconter c\u2019\u00e9tait voir et cr\u00e9er des images ?<br \/>Et si raconter c\u2019\u00e9tait \u00eatre t\u00e9moin et r\u00e9alisateur\u00b7ice de cin\u00e9ma ?<br \/>Ce stage vous propose d\u2019explorer la parole cont\u00e9e sous 2 axes de recherche :<br \/>\u2022 Les images int\u00e9rieures\/ mentales<br \/>\u2022 Les images produites<\/p><p><em>Il s\u2019agira alors :<\/em><br \/>\u2022 d\u2019observer comment se construisent nos images, de favoriser leur conditions d\u2019apparition, d\u2019apprendre \u00e0 oser la parole comme dans un r\u00eave \u00e9veill\u00e9<br \/>\u2022 d\u2019approfondir les liens entre la langue, son rythme, sa respiration, sa musicalit\u00e9 et les images induites ; gros plan, travelling, plan fixe ou cam\u00e9ra embarqu\u00e9e\u2026 Nous jouerons \u00e0 entrer dans les histoires par diff\u00e9rents points de vue, nous apprendrons \u00e0 affiner le casting de nos personnages et jouerons des rapports entre narration et incarnation.<\/p><p>Explorations sensorielles, vocales, improvisations, jeux de r\u00f4le, de langage&#8230;<br \/>Avec le corps, avec des photos, des objets.. nous jouerons \u00e0 affiner nos sens, \u00e0 explorer un langage concret \u2013 imag\u00e9- pour raconter&#8230; comme au cin\u00e9ma et partager une v\u00e9ritable exp\u00e9rience sensible.<\/p><p><span style=\"text-decoration: underline;\">Objectifs de ce stage<\/span> :<br \/>Il s\u2019agira pour chacun\u00b7e<br \/>\u2022 d\u2019observer et affiner son rapport aux images, ext\u00e9rieures et mentales<br \/>\u2022 de d\u00e9couvrir, explorer et nourrir ses visions et ses paysages int\u00e9rieurs<br \/>\u2022 de d\u00e9velopper et s\u2019approprier de nouveaux outils pour construire et m\u00e9moriser un conte<br \/>\u2022 de comprendre ce qui g\u00e9n\u00e8re ou emp\u00eache les images pour l\u2019auditoire<br \/>\u2022 d\u2019apprendre \u00e0 simplifier, d\u00e9crire, avec efficacit\u00e9<br \/>\u2022 de conscientiser la place de la voix et du corps dans la formation des images<br \/>\u2022 ..de s\u2019amuser avec tout \u00e7a !<\/p><p><span style=\"text-decoration: underline;\">Chacun\u00b7e sera accompagn\u00e9\u00b7e et soutenu\u00b7e<\/span><br \/>\u2022 dans sa singularit\u00e9, avec bienveillance, l\u00e0 ou il\u00b7elle en est<br \/>\u2022 pour d\u00e9velopper ses propres outils de construction et d\u2019expression<br \/>\u2022 pour chercher, oser, se tromper, recommencer, trouver !<\/p>\t\t\t\t\t\t\t\t<\/div>\n\t\t\t\t\t<\/div>\n\t\t\t\t<\/div>\n\t\t\t\t<\/div>\n\t\t\t\t\t<\/details>\n\t\t\t\t\t\t<details id=\"e-n-accordion-item-1411\" class=\"e-n-accordion-item\" >\n\t\t\t\t<summary class=\"e-n-accordion-item-title\" data-accordion-index=\"2\" tabindex=\"-1\" aria-expanded=\"false\" aria-controls=\"e-n-accordion-item-1411\" >\n\t\t\t\t\t<span class='e-n-accordion-item-title-header'><div class=\"e-n-accordion-item-title-text\"> Pr\u00e9requis : <\/div><\/span>\n\t\t\t\t\t\t\t<span class='e-n-accordion-item-title-icon'>\n\t\t\t<span class='e-opened' ><svg aria-hidden=\"true\" class=\"e-font-icon-svg e-fas-minus\" viewBox=\"0 0 448 512\" xmlns=\"http:\/\/www.w3.org\/2000\/svg\"><path d=\"M416 208H32c-17.67 0-32 14.33-32 32v32c0 17.67 14.33 32 32 32h384c17.67 0 32-14.33 32-32v-32c0-17.67-14.33-32-32-32z\"><\/path><\/svg><\/span>\n\t\t\t<span class='e-closed'><svg aria-hidden=\"true\" class=\"e-font-icon-svg e-fas-plus\" viewBox=\"0 0 448 512\" xmlns=\"http:\/\/www.w3.org\/2000\/svg\"><path d=\"M416 208H272V64c0-17.67-14.33-32-32-32h-32c-17.67 0-32 14.33-32 32v144H32c-17.67 0-32 14.33-32 32v32c0 17.67 14.33 32 32 32h144v144c0 17.67 14.33 32 32 32h32c17.67 0 32-14.33 32-32V304h144c17.67 0 32-14.33 32-32v-32c0-17.67-14.33-32-32-32z\"><\/path><\/svg><\/span>\n\t\t<\/span>\n\n\t\t\t\t\t\t<\/summary>\n\t\t\t\t<div role=\"region\" aria-labelledby=\"e-n-accordion-item-1411\" class=\"elementor-element elementor-element-81f68f5 e-con-full e-flex e-con e-child\" data-id=\"81f68f5\" data-element_type=\"container\" data-e-type=\"container\">\n\t\t\t\t<div class=\"elementor-element elementor-element-744e290 elementor-widget__width-initial elementor-widget-mobile__width-inherit elementor-widget-tablet__width-inherit elementor-widget elementor-widget-text-editor\" data-id=\"744e290\" data-element_type=\"widget\" data-e-type=\"widget\" data-widget_type=\"text-editor.default\">\n\t\t\t\t\t\t\t\t\t<p>Pratique du conte r\u00e9guli\u00e8re.<br \/>Le stage est ouvert aux adultes, conteurs\/teuses, com\u00e9diens\/com\u00e9diennes, e\u0301ducateurs\/trices, animateurs\/trices&#8230;<br \/>Les musicien\u00b7nes qui le souhaitent peuvent apporter leur instrument<br \/>Avant toute inscription, un entretien t\u00e9l\u00e9phonique est r\u00e9alis\u00e9 pour v\u00e9rifier l\u2019ad\u00e9quation entre le contenu de la formation et les attentes du stagiaire.<\/p>\t\t\t\t\t\t\t\t<\/div>\n\t\t\t\t<\/div>\n\t\t\t\t\t<\/details>\n\t\t\t\t\t\t<details id=\"e-n-accordion-item-1412\" class=\"e-n-accordion-item\" >\n\t\t\t\t<summary class=\"e-n-accordion-item-title\" data-accordion-index=\"3\" tabindex=\"-1\" aria-expanded=\"false\" aria-controls=\"e-n-accordion-item-1412\" >\n\t\t\t\t\t<span class='e-n-accordion-item-title-header'><div class=\"e-n-accordion-item-title-text\"> Modalit\u00e9s pratiques : <\/div><\/span>\n\t\t\t\t\t\t\t<span class='e-n-accordion-item-title-icon'>\n\t\t\t<span class='e-opened' ><svg aria-hidden=\"true\" class=\"e-font-icon-svg e-fas-minus\" viewBox=\"0 0 448 512\" xmlns=\"http:\/\/www.w3.org\/2000\/svg\"><path d=\"M416 208H32c-17.67 0-32 14.33-32 32v32c0 17.67 14.33 32 32 32h384c17.67 0 32-14.33 32-32v-32c0-17.67-14.33-32-32-32z\"><\/path><\/svg><\/span>\n\t\t\t<span class='e-closed'><svg aria-hidden=\"true\" class=\"e-font-icon-svg e-fas-plus\" viewBox=\"0 0 448 512\" xmlns=\"http:\/\/www.w3.org\/2000\/svg\"><path d=\"M416 208H272V64c0-17.67-14.33-32-32-32h-32c-17.67 0-32 14.33-32 32v144H32c-17.67 0-32 14.33-32 32v32c0 17.67 14.33 32 32 32h144v144c0 17.67 14.33 32 32 32h32c17.67 0 32-14.33 32-32V304h144c17.67 0 32-14.33 32-32v-32c0-17.67-14.33-32-32-32z\"><\/path><\/svg><\/span>\n\t\t<\/span>\n\n\t\t\t\t\t\t<\/summary>\n\t\t\t\t<div role=\"region\" aria-labelledby=\"e-n-accordion-item-1412\" class=\"elementor-element elementor-element-444dff1 e-con-full e-flex e-con e-child\" data-id=\"444dff1\" data-element_type=\"container\" data-e-type=\"container\">\n\t\t\t\t<div class=\"elementor-element elementor-element-39f2063 elementor-widget__width-initial elementor-widget-mobile__width-inherit elementor-widget-tablet__width-inherit elementor-widget elementor-widget-text-editor\" data-id=\"39f2063\" data-element_type=\"widget\" data-e-type=\"widget\" data-widget_type=\"text-editor.default\">\n\t\t\t\t\t\t\t\t\t<p><span style=\"text-decoration: underline;\">Lieu de stage<\/span> : \u2028<br \/>L\u2019accent 8 rue Contejean 25200 MONTBELIARD<br \/>Acc\u00e8s possible aux personnes en situation de handicap, merci de nous contacter.<\/p><p><span style=\"text-decoration: underline;\">Tarifs<\/span> :<br \/>&#8211; Formation autofinanc\u00e9e : 120 \u20ac x 5 jours = 600 \u20ac\u2028 <br \/>&#8211; Formation financ\u00e9e par un OPCO (AFDAS, France Travail, Uniformation, etc), une collectivit\u00e9, une entreprise&#8230; : Contactez-nous pour un devis !<br \/><br \/><span style=\"text-decoration: underline;\">Inscription<\/span> :<br \/>Compl\u00e9tez et signez la fiche de pr\u00e9-inscription -&gt; fiche \u00e0 t\u00e9l\u00e9charger dans l&rsquo;onglet suivant \u00ab\u00a0Documents \u00e0 t\u00e9l\u00e9charger\u00a0\u00bb<br \/>D\u00e9tails des modalit\u00e9s (h\u00e9bergement, transport, tarif) -&gt; document \u00e0 t\u00e9l\u00e9charger dans l&rsquo;onglet suivant \u00ab\u00a0Documents \u00e0 t\u00e9l\u00e9charger\u00a0\u00bb<\/p><p><span style=\"text-decoration: underline;\">Coordonn\u00e9es de l\u2019organisateur<\/span> :<br \/>L\u2019Atelier \u00e0 Histoires<br \/>49 grande rue 90300 SERMAMAGNY<br \/>t\u00e9l. 09 72 13 08 80 \/ t\u00e9l. depuis l\u2019\u00e9tranger 00 339 72 13 08 80<br \/>contact@atelierahistoires.fr<br \/>www.atelierahistoires.fr<\/p><p>L\u2019Atelier \u00e0 Histoires est une activit\u00e9 de l\u2019Association Les Singuliers<br \/>SIRET : 438 123 879 000 27 &#8211; APE : 9001Z<br \/>Association loi 1901 &#8211; Pr\u00e9fecture du Territoire de Belfort, n\u00b0W251000992<br \/>Agr\u00e9ment pr\u00e9fectoral n\u00b0 4390004999<\/p>\t\t\t\t\t\t\t\t<\/div>\n\t\t\t\t<\/div>\n\t\t\t\t\t<\/details>\n\t\t\t\t\t\t<details id=\"e-n-accordion-item-1413\" class=\"e-n-accordion-item\" >\n\t\t\t\t<summary class=\"e-n-accordion-item-title\" data-accordion-index=\"4\" tabindex=\"-1\" aria-expanded=\"false\" aria-controls=\"e-n-accordion-item-1413\" >\n\t\t\t\t\t<span class='e-n-accordion-item-title-header'><div class=\"e-n-accordion-item-title-text\"> Documents \u00e0 t\u00e9l\u00e9charger : <\/div><\/span>\n\t\t\t\t\t\t\t<span class='e-n-accordion-item-title-icon'>\n\t\t\t<span class='e-opened' ><svg aria-hidden=\"true\" class=\"e-font-icon-svg e-fas-minus\" viewBox=\"0 0 448 512\" xmlns=\"http:\/\/www.w3.org\/2000\/svg\"><path d=\"M416 208H32c-17.67 0-32 14.33-32 32v32c0 17.67 14.33 32 32 32h384c17.67 0 32-14.33 32-32v-32c0-17.67-14.33-32-32-32z\"><\/path><\/svg><\/span>\n\t\t\t<span class='e-closed'><svg aria-hidden=\"true\" class=\"e-font-icon-svg e-fas-plus\" viewBox=\"0 0 448 512\" xmlns=\"http:\/\/www.w3.org\/2000\/svg\"><path d=\"M416 208H272V64c0-17.67-14.33-32-32-32h-32c-17.67 0-32 14.33-32 32v144H32c-17.67 0-32 14.33-32 32v32c0 17.67 14.33 32 32 32h144v144c0 17.67 14.33 32 32 32h32c17.67 0 32-14.33 32-32V304h144c17.67 0 32-14.33 32-32v-32c0-17.67-14.33-32-32-32z\"><\/path><\/svg><\/span>\n\t\t<\/span>\n\n\t\t\t\t\t\t<\/summary>\n\t\t\t\t<div role=\"region\" aria-labelledby=\"e-n-accordion-item-1413\" class=\"elementor-element elementor-element-0c7698d e-flex e-con-boxed e-con e-child\" data-id=\"0c7698d\" data-element_type=\"container\" data-e-type=\"container\">\n\t\t\t\t\t<div class=\"e-con-inner\">\n\t\t\t\t<div class=\"elementor-element elementor-element-7d09386 elementor-icon-list--layout-traditional elementor-list-item-link-full_width elementor-widget elementor-widget-icon-list\" data-id=\"7d09386\" data-element_type=\"widget\" data-e-type=\"widget\" data-widget_type=\"icon-list.default\">\n\t\t\t\t\t\t\t<ul class=\"elementor-icon-list-items\">\n\t\t\t\t\t\t\t<li class=\"elementor-icon-list-item\">\n\t\t\t\t\t\t\t\t\t\t\t<a href=\"http:\/\/latelierahistoires.fr\/wp-content\/uploads\/2026\/02\/fiche_pre-inscription-ah_-_2026-1.pdf\">\n\n\t\t\t\t\t\t\t\t\t\t\t\t<span class=\"elementor-icon-list-icon\">\n\t\t\t\t\t\t\t<svg aria-hidden=\"true\" class=\"e-font-icon-svg e-far-file-pdf\" viewBox=\"0 0 384 512\" xmlns=\"http:\/\/www.w3.org\/2000\/svg\"><path d=\"M369.9 97.9L286 14C277 5 264.8-.1 252.1-.1H48C21.5 0 0 21.5 0 48v416c0 26.5 21.5 48 48 48h288c26.5 0 48-21.5 48-48V131.9c0-12.7-5.1-25-14.1-34zM332.1 128H256V51.9l76.1 76.1zM48 464V48h160v104c0 13.3 10.7 24 24 24h104v288H48zm250.2-143.7c-12.2-12-47-8.7-64.4-6.5-17.2-10.5-28.7-25-36.8-46.3 3.9-16.1 10.1-40.6 5.4-56-4.2-26.2-37.8-23.6-42.6-5.9-4.4 16.1-.4 38.5 7 67.1-10 23.9-24.9 56-35.4 74.4-20 10.3-47 26.2-51 46.2-3.3 15.8 26 55.2 76.1-31.2 22.4-7.4 46.8-16.5 68.4-20.1 18.9 10.2 41 17 55.8 17 25.5 0 28-28.2 17.5-38.7zm-198.1 77.8c5.1-13.7 24.5-29.5 30.4-35-19 30.3-30.4 35.7-30.4 35zm81.6-190.6c7.4 0 6.7 32.1 1.8 40.8-4.4-13.9-4.3-40.8-1.8-40.8zm-24.4 136.6c9.7-16.9 18-37 24.7-54.7 8.3 15.1 18.9 27.2 30.1 35.5-20.8 4.3-38.9 13.1-54.8 19.2zm131.6-5s-5 6-37.3-7.8c35.1-2.6 40.9 5.4 37.3 7.8z\"><\/path><\/svg>\t\t\t\t\t\t<\/span>\n\t\t\t\t\t\t\t\t\t\t<span class=\"elementor-icon-list-text\">Fiche de pr\u00e9-inscription<\/span>\n\t\t\t\t\t\t\t\t\t\t\t<\/a>\n\t\t\t\t\t\t\t\t\t<\/li>\n\t\t\t\t\t\t\t\t<li class=\"elementor-icon-list-item\">\n\t\t\t\t\t\t\t\t\t\t\t<a href=\"http:\/\/latelierahistoires.fr\/wp-content\/uploads\/2026\/02\/modalites-site-montbeliard.pdf\">\n\n\t\t\t\t\t\t\t\t\t\t\t\t<span class=\"elementor-icon-list-icon\">\n\t\t\t\t\t\t\t<svg aria-hidden=\"true\" class=\"e-font-icon-svg e-far-file-pdf\" viewBox=\"0 0 384 512\" xmlns=\"http:\/\/www.w3.org\/2000\/svg\"><path d=\"M369.9 97.9L286 14C277 5 264.8-.1 252.1-.1H48C21.5 0 0 21.5 0 48v416c0 26.5 21.5 48 48 48h288c26.5 0 48-21.5 48-48V131.9c0-12.7-5.1-25-14.1-34zM332.1 128H256V51.9l76.1 76.1zM48 464V48h160v104c0 13.3 10.7 24 24 24h104v288H48zm250.2-143.7c-12.2-12-47-8.7-64.4-6.5-17.2-10.5-28.7-25-36.8-46.3 3.9-16.1 10.1-40.6 5.4-56-4.2-26.2-37.8-23.6-42.6-5.9-4.4 16.1-.4 38.5 7 67.1-10 23.9-24.9 56-35.4 74.4-20 10.3-47 26.2-51 46.2-3.3 15.8 26 55.2 76.1-31.2 22.4-7.4 46.8-16.5 68.4-20.1 18.9 10.2 41 17 55.8 17 25.5 0 28-28.2 17.5-38.7zm-198.1 77.8c5.1-13.7 24.5-29.5 30.4-35-19 30.3-30.4 35.7-30.4 35zm81.6-190.6c7.4 0 6.7 32.1 1.8 40.8-4.4-13.9-4.3-40.8-1.8-40.8zm-24.4 136.6c9.7-16.9 18-37 24.7-54.7 8.3 15.1 18.9 27.2 30.1 35.5-20.8 4.3-38.9 13.1-54.8 19.2zm131.6-5s-5 6-37.3-7.8c35.1-2.6 40.9 5.4 37.3 7.8z\"><\/path><\/svg>\t\t\t\t\t\t<\/span>\n\t\t\t\t\t\t\t\t\t\t<span class=\"elementor-icon-list-text\">Modalit\u00e9s montb\u00e9liard<\/span>\n\t\t\t\t\t\t\t\t\t\t\t<\/a>\n\t\t\t\t\t\t\t\t\t<\/li>\n\t\t\t\t\t\t<\/ul>\n\t\t\t\t\t\t<\/div>\n\t\t\t\t\t<\/div>\n\t\t\t\t<\/div>\n\t\t\t\t\t<\/details>\n\t\t\t\t\t\t<details id=\"e-n-accordion-item-1414\" class=\"e-n-accordion-item\" >\n\t\t\t\t<summary class=\"e-n-accordion-item-title\" data-accordion-index=\"5\" tabindex=\"-1\" aria-expanded=\"false\" aria-controls=\"e-n-accordion-item-1414\" >\n\t\t\t\t\t<span class='e-n-accordion-item-title-header'><div class=\"e-n-accordion-item-title-text\"> La formatrice : <\/div><\/span>\n\t\t\t\t\t\t\t<span class='e-n-accordion-item-title-icon'>\n\t\t\t<span class='e-opened' ><svg aria-hidden=\"true\" class=\"e-font-icon-svg e-fas-minus\" viewBox=\"0 0 448 512\" xmlns=\"http:\/\/www.w3.org\/2000\/svg\"><path d=\"M416 208H32c-17.67 0-32 14.33-32 32v32c0 17.67 14.33 32 32 32h384c17.67 0 32-14.33 32-32v-32c0-17.67-14.33-32-32-32z\"><\/path><\/svg><\/span>\n\t\t\t<span class='e-closed'><svg aria-hidden=\"true\" class=\"e-font-icon-svg e-fas-plus\" viewBox=\"0 0 448 512\" xmlns=\"http:\/\/www.w3.org\/2000\/svg\"><path d=\"M416 208H272V64c0-17.67-14.33-32-32-32h-32c-17.67 0-32 14.33-32 32v144H32c-17.67 0-32 14.33-32 32v32c0 17.67 14.33 32 32 32h144v144c0 17.67 14.33 32 32 32h32c17.67 0 32-14.33 32-32V304h144c17.67 0 32-14.33 32-32v-32c0-17.67-14.33-32-32-32z\"><\/path><\/svg><\/span>\n\t\t<\/span>\n\n\t\t\t\t\t\t<\/summary>\n\t\t\t\t<div role=\"region\" aria-labelledby=\"e-n-accordion-item-1414\" class=\"elementor-element elementor-element-e6951f0 e-flex e-con-boxed e-con e-child\" data-id=\"e6951f0\" data-element_type=\"container\" data-e-type=\"container\">\n\t\t\t\t\t<div class=\"e-con-inner\">\n\t\t\t\t<div class=\"elementor-element elementor-element-48a723b elementor-widget__width-initial elementor-widget-mobile__width-inherit elementor-widget-tablet__width-inherit elementor-widget elementor-widget-text-editor\" data-id=\"48a723b\" data-element_type=\"widget\" data-e-type=\"widget\" data-widget_type=\"text-editor.default\">\n\t\t\t\t\t\t\t\t\t<p><strong>Swan Blach\u00e8re<\/strong> est conteuse et metteuse en sc\u00e8ne.<br \/>Enfant unique elle grandit dans une petite ville entre lac et montagnes o\u00f9 elle explore les lieux abandonn\u00e9s, les cimeti\u00e8res, les biblioth\u00e8ques et les souvenirs des gens qui se racontent \u00e0 elle. Elle voit et entend des histoires partout, d\u00e9couvre les contes, les mythologies, le cin\u00e9ma et l\u2019\u00e9criture.<br \/>Au coll\u00e8ge elle d\u00e9m\u00e9nage \u00e0 Poitiers et rencontre le th\u00e9\u00e2tre..elle n\u2019a plus quitt\u00e9 les plateaux depuis !<br \/>Elle donne ses premiers ateliers au lyc\u00e9e, ne tarde pas \u00e0 mettre en sc\u00e8ne du th\u00e9\u00e2tre, des chorales\u2026<\/p><p>Insatiable touche \u00e0 tout, elle voyage, se passionne pour les musiques du monde, poursuit des \u00e9tudes cin\u00e9matographiques \u00e0 Lyon, continue \u00e0 approfondir le travail du corps (danse contemporaine, arts martiaux) et de la voix (m\u00e9thode Roy Hart) dirige toujours de nombreux ateliers th\u00e9\u00e2tre, accompagne des musicien\u00b7nes en coaching sc\u00e9nique\u2026<br \/>Un pas en entra\u00eene un autre, elle pose ses valises \u00e0 Lille en 2003 et rejoint le collectif de musiciens de la Cie du Tire-laine o\u00f9 elle d\u00e9couvre le conte.<br \/>Raconter ! C\u2019est \u00e7a qu\u2019elle avait toujours voulu faire !<br \/>Alors depuis 2010 Swan raconte &#8211; seule ou avec des musicie\u00b7ne\u00b7s &#8211; des histoires d\u2019ici, souvent teint\u00e9es d\u2019ailleurs, des contes traditionnels, des r\u00e9cits de vie qu\u2019elle collecte, tisse et partage avec bonheur.<br \/>Elle cr\u00e9e sa cie La voyageuse immobile en 2013.<br \/>Formatrice dans l\u2019art de l\u2019oralit\u00e9, elle donne de nombreux stages lors de festivals et intervient pour la formation de m\u00e9diateur\u00b7ices culturelles, l\u2019accompagnement de doctorant\u00b7es en sciences, com\u00e9dien\u00b7nes\u2026<br \/>Elle pilote de nombreux projets de formation, labos, master-class autour des diff\u00e9rents arts de la sc\u00e8ne, th\u00e9\u00e2tre, mouvement, voix.<br \/>Metteuse en sc\u00e8ne, elle travaille avec des conteuses, des chorales, des groupes de musique, des humoristes, m\u00e8ne de nombreux projets de spectacles pluridisciplinaires avec des professionnels et des personnes fragilis\u00e9es ou \u00e9loign\u00e9es de la culture (d\u00e9tention, personnes porteuses de handicap, centres sociaux).<br \/>Conteuse, elle raconte dans les th\u00e9\u00e2tres, les prisons les h\u00f4pitaux, les friches industrielles, les \u00e9glises, les for\u00eats\u2026 ses diff\u00e9rentes cr\u00e9ations la ram\u00e8nent toujours \u00e0 la crois\u00e9e des chemins entre les mythes, l\u2019intime et l\u2019histoire avec un grand H.<\/p>\t\t\t\t\t\t\t\t<\/div>\n\t\t\t\t\t<\/div>\n\t\t\t\t<\/div>\n\t\t\t\t\t<\/details>\n\t\t\t\t\t<\/div>\n\t\t\t\t\t\t<\/div>\n\t\t\t\t\t<\/div>\n\t\t\t\t<\/div>\n\t\t\t\t<\/div>\n\t\t","protected":false},"excerpt":{"rendered":"<p>Comment naissent les images ? par Swan Blach\u00e8re Du Mercredi 26 au Dimanche 30 Ao\u00fbt 2026 Contenu de la formation : J\u2019ai tout vu, j\u2019y \u00e9tais !N\u2019est-ce pas cela que l\u2019on voudrait vivre et faire vivre, quand on raconte ?Vous le savez bien, les mots ne suffisent pas..sinon, on se contenterait de lire des livres,&#8230;<\/p>\n","protected":false},"author":1,"featured_media":0,"parent":15,"menu_order":0,"comment_status":"closed","ping_status":"closed","template":"","meta":{"_kad_post_transparent":"","_kad_post_title":"hide","_kad_post_layout":"fullwidth","_kad_post_sidebar_id":"","_kad_post_content_style":"unboxed","_kad_post_vertical_padding":"hide","_kad_post_feature":"hide","_kad_post_feature_position":"","_kad_post_header":false,"_kad_post_footer":false,"_kad_post_classname":"","footnotes":""},"class_list":["post-547","page","type-page","status-publish","hentry"],"_links":{"self":[{"href":"https:\/\/latelierahistoires.fr\/index.php\/wp-json\/wp\/v2\/pages\/547","targetHints":{"allow":["GET"]}}],"collection":[{"href":"https:\/\/latelierahistoires.fr\/index.php\/wp-json\/wp\/v2\/pages"}],"about":[{"href":"https:\/\/latelierahistoires.fr\/index.php\/wp-json\/wp\/v2\/types\/page"}],"author":[{"embeddable":true,"href":"https:\/\/latelierahistoires.fr\/index.php\/wp-json\/wp\/v2\/users\/1"}],"replies":[{"embeddable":true,"href":"https:\/\/latelierahistoires.fr\/index.php\/wp-json\/wp\/v2\/comments?post=547"}],"version-history":[{"count":19,"href":"https:\/\/latelierahistoires.fr\/index.php\/wp-json\/wp\/v2\/pages\/547\/revisions"}],"predecessor-version":[{"id":797,"href":"https:\/\/latelierahistoires.fr\/index.php\/wp-json\/wp\/v2\/pages\/547\/revisions\/797"}],"up":[{"embeddable":true,"href":"https:\/\/latelierahistoires.fr\/index.php\/wp-json\/wp\/v2\/pages\/15"}],"wp:attachment":[{"href":"https:\/\/latelierahistoires.fr\/index.php\/wp-json\/wp\/v2\/media?parent=547"}],"curies":[{"name":"wp","href":"https:\/\/api.w.org\/{rel}","templated":true}]}}