{"id":686,"date":"2026-02-18T11:18:22","date_gmt":"2026-02-18T11:18:22","guid":{"rendered":"https:\/\/latelierahistoires.fr\/?page_id=686"},"modified":"2026-02-20T08:25:27","modified_gmt":"2026-02-20T08:25:27","slug":"les-incontournables-du-conte-de-randonnee","status":"publish","type":"page","link":"https:\/\/latelierahistoires.fr\/index.php\/minscrire-a-un-stage\/les-incontournables-du-conte-de-randonnee\/","title":{"rendered":"Les incontournables du conte de randonn\u00e9e"},"content":{"rendered":"\t\t<div data-elementor-type=\"wp-page\" data-elementor-id=\"686\" class=\"elementor elementor-686\">\n\t\t\t\t<div class=\"elementor-element elementor-element-c2298f3 e-flex e-con-boxed e-con e-parent\" data-id=\"c2298f3\" data-element_type=\"container\" data-e-type=\"container\" data-settings=\"{&quot;background_background&quot;:&quot;classic&quot;}\">\n\t\t\t\t\t<div class=\"e-con-inner\">\n\t\t<div class=\"elementor-element elementor-element-9bef737 e-con-full e-flex e-con e-child\" data-id=\"9bef737\" data-element_type=\"container\" data-e-type=\"container\">\n\t\t\t\t<div class=\"elementor-element elementor-element-f6f885d elementor-widget elementor-widget-heading\" data-id=\"f6f885d\" data-element_type=\"widget\" data-e-type=\"widget\" data-widget_type=\"heading.default\">\n\t\t\t\t\t<h2 class=\"elementor-heading-title elementor-size-default\">Les incontournables du conte de randonn\u00e9e par Swan Blach\u00e8re<\/h2>\t\t\t\t<\/div>\n\t\t\t\t<div class=\"elementor-element elementor-element-942c7a7 elementor-widget elementor-widget-heading\" data-id=\"942c7a7\" data-element_type=\"widget\" data-e-type=\"widget\" data-widget_type=\"heading.default\">\n\t\t\t\t\t<p class=\"elementor-heading-title elementor-size-default\">Du Samedi 4 au Lundi 6 Juillet 2026<\/p>\t\t\t\t<\/div>\n\t\t\t\t<\/div>\n\t\t<div class=\"elementor-element elementor-element-4f74591 e-con-full e-flex e-con e-child\" data-id=\"4f74591\" data-element_type=\"container\" data-e-type=\"container\">\n\t\t\t\t<div class=\"elementor-element elementor-element-b8ef8ab elementor-widget elementor-widget-image\" data-id=\"b8ef8ab\" data-element_type=\"widget\" data-e-type=\"widget\" data-widget_type=\"image.default\">\n\t\t\t\t\t\t\t\t\t\t\t\t\t\t\t<img fetchpriority=\"high\" decoding=\"async\" width=\"300\" height=\"295\" src=\"https:\/\/latelierahistoires.fr\/wp-content\/uploads\/2026\/02\/Stage-Randonnee-Swan-300x295.jpg\" class=\"attachment-medium size-medium wp-image-643\" alt=\"\" srcset=\"https:\/\/latelierahistoires.fr\/wp-content\/uploads\/2026\/02\/Stage-Randonnee-Swan-300x295.jpg 300w, https:\/\/latelierahistoires.fr\/wp-content\/uploads\/2026\/02\/Stage-Randonnee-Swan.jpg 509w\" sizes=\"(max-width: 300px) 100vw, 300px\" \/>\t\t\t\t\t\t\t\t\t\t\t\t\t\t\t<\/div>\n\t\t\t\t<\/div>\n\t\t\t\t\t<\/div>\n\t\t\t\t<\/div>\n\t\t<div class=\"elementor-element elementor-element-4c80a89 e-grid e-con-boxed e-con e-parent\" data-id=\"4c80a89\" data-element_type=\"container\" data-e-type=\"container\">\n\t\t\t\t\t<div class=\"e-con-inner\">\n\t\t\t\t<div class=\"elementor-element elementor-element-86c06b4 elementor-widget elementor-widget-n-accordion\" data-id=\"86c06b4\" data-element_type=\"widget\" data-e-type=\"widget\" data-settings=\"{&quot;default_state&quot;:&quot;expanded&quot;,&quot;max_items_expended&quot;:&quot;one&quot;,&quot;n_accordion_animation_duration&quot;:{&quot;unit&quot;:&quot;ms&quot;,&quot;size&quot;:400,&quot;sizes&quot;:[]}}\" data-widget_type=\"nested-accordion.default\">\n\t\t\t\t\t\t\t<div class=\"e-n-accordion\" aria-label=\"Accordion. Open links with Enter or Space, close with Escape, and navigate with Arrow Keys\">\n\t\t\t\t\t\t<details id=\"e-n-accordion-item-1410\" class=\"e-n-accordion-item\" open>\n\t\t\t\t<summary class=\"e-n-accordion-item-title\" data-accordion-index=\"1\" tabindex=\"0\" aria-expanded=\"true\" aria-controls=\"e-n-accordion-item-1410\" >\n\t\t\t\t\t<span class='e-n-accordion-item-title-header'><div class=\"e-n-accordion-item-title-text\"> Contenu de la formation : <\/div><\/span>\n\t\t\t\t\t\t\t<span class='e-n-accordion-item-title-icon'>\n\t\t\t<span class='e-opened' ><svg aria-hidden=\"true\" class=\"e-font-icon-svg e-fas-minus\" viewBox=\"0 0 448 512\" xmlns=\"http:\/\/www.w3.org\/2000\/svg\"><path d=\"M416 208H32c-17.67 0-32 14.33-32 32v32c0 17.67 14.33 32 32 32h384c17.67 0 32-14.33 32-32v-32c0-17.67-14.33-32-32-32z\"><\/path><\/svg><\/span>\n\t\t\t<span class='e-closed'><svg aria-hidden=\"true\" class=\"e-font-icon-svg e-fas-plus\" viewBox=\"0 0 448 512\" xmlns=\"http:\/\/www.w3.org\/2000\/svg\"><path d=\"M416 208H272V64c0-17.67-14.33-32-32-32h-32c-17.67 0-32 14.33-32 32v144H32c-17.67 0-32 14.33-32 32v32c0 17.67 14.33 32 32 32h144v144c0 17.67 14.33 32 32 32h32c17.67 0 32-14.33 32-32V304h144c17.67 0 32-14.33 32-32v-32c0-17.67-14.33-32-32-32z\"><\/path><\/svg><\/span>\n\t\t<\/span>\n\n\t\t\t\t\t\t<\/summary>\n\t\t\t\t<div role=\"region\" aria-labelledby=\"e-n-accordion-item-1410\" class=\"elementor-element elementor-element-4c6aea8 e-con-full e-flex e-con e-child\" data-id=\"4c6aea8\" data-element_type=\"container\" data-e-type=\"container\">\n\t\t<div role=\"region\" aria-labelledby=\"e-n-accordion-item-1410\" class=\"elementor-element elementor-element-332e362 e-flex e-con-boxed e-con e-child\" data-id=\"332e362\" data-element_type=\"container\" data-e-type=\"container\">\n\t\t\t\t\t<div class=\"e-con-inner\">\n\t\t\t\t<div class=\"elementor-element elementor-element-2673467 elementor-widget__width-initial elementor-widget-mobile__width-inherit elementor-widget-tablet__width-inherit elementor-widget elementor-widget-text-editor\" data-id=\"2673467\" data-element_type=\"widget\" data-e-type=\"widget\" data-widget_type=\"text-editor.default\">\n\t\t\t\t\t\t\t\t\t<p>Ces contes, que l\u2019on connai\u0302t depuis la petite enfance, emboi\u0302tent, accumulent dans un sens et puis dans l\u2019autre, tissent et de\u0301tissent, construisent et de\u0301construisent selon une logique et un rythme imparables, pour ne pas dire implacables !<br \/>Parfois cruels, souvent hilarants, ils sont jubilatoires et forment un re\u0301pertoire intarissable. Durant ce stage, on se familiarisera avec le re\u0301pertoire des contes de randonne\u0301e, leur structure, ainsi qu\u2019avec l\u2019approche dynamique et un brin roublarde qui les rend si savoureux !<\/p><p>Objectifs de ce stage :<br \/>Se familiariser avec le r\u00e9pertoire et la structure des contes de randonn\u00e9e.<br \/>Se constituer un petit r\u00e9pertoire des diff\u00e9rentes formes de randonn\u00e9e, de la comptine au r\u00e9cit plus \u00e9labor\u00e9.<br \/>Tenir son fil !<br \/>Raconter en tenant compte de l\u2019espace, en int\u00e9grant une gestuelle, en incarnant un personnage, en imaginant des formes vari\u00e9es d\u2019interactions avec l\u2019auditoire.<br \/>Connecter avec l\u2019humeur et l\u2019\u00e9nergie d\u2019un conte, en proposer sa propre version.<\/p><p>Chaque stagiaire sera accompagn\u00e9 pour d\u00e9velopper :<br \/>\u2022 sa confiance en elle\/lui dans sa prise de parole \u00e0 haute voix<br \/>\u2022 la conscience de son corps, de sa voix, de l\u2019espace<br \/>\u2022 sa capacit\u00e9 \u00e0 visualiser et m\u00e9moriser les diff\u00e9rentes \u00e9tapes de l\u2019histoire<br \/>\u2022 sa pr\u00e9cision dans l\u2019\u00e9locution, le geste et la narration<br \/>\u2022 sa cr\u00e9ativit\u00e9, sa parole et son univers singuliers dans l\u2019adaptation des histoires<br \/>\u2022 une bonne connaissance du r\u00e9pertoire traditionnel<br \/>\u2022 l\u2019\u00e9coute au groupe, la capacit\u00e9 \u00e0 rebondir, improviser&#8230; s\u2019amuser en collectif ou en solo !<\/p>\t\t\t\t\t\t\t\t<\/div>\n\t\t\t\t\t<\/div>\n\t\t\t\t<\/div>\n\t\t\t\t<\/div>\n\t\t\t\t\t<\/details>\n\t\t\t\t\t\t<details id=\"e-n-accordion-item-1411\" class=\"e-n-accordion-item\" >\n\t\t\t\t<summary class=\"e-n-accordion-item-title\" data-accordion-index=\"2\" tabindex=\"-1\" aria-expanded=\"false\" aria-controls=\"e-n-accordion-item-1411\" >\n\t\t\t\t\t<span class='e-n-accordion-item-title-header'><div class=\"e-n-accordion-item-title-text\"> Pr\u00e9requis : <\/div><\/span>\n\t\t\t\t\t\t\t<span class='e-n-accordion-item-title-icon'>\n\t\t\t<span class='e-opened' ><svg aria-hidden=\"true\" class=\"e-font-icon-svg e-fas-minus\" viewBox=\"0 0 448 512\" xmlns=\"http:\/\/www.w3.org\/2000\/svg\"><path d=\"M416 208H32c-17.67 0-32 14.33-32 32v32c0 17.67 14.33 32 32 32h384c17.67 0 32-14.33 32-32v-32c0-17.67-14.33-32-32-32z\"><\/path><\/svg><\/span>\n\t\t\t<span class='e-closed'><svg aria-hidden=\"true\" class=\"e-font-icon-svg e-fas-plus\" viewBox=\"0 0 448 512\" xmlns=\"http:\/\/www.w3.org\/2000\/svg\"><path d=\"M416 208H272V64c0-17.67-14.33-32-32-32h-32c-17.67 0-32 14.33-32 32v144H32c-17.67 0-32 14.33-32 32v32c0 17.67 14.33 32 32 32h144v144c0 17.67 14.33 32 32 32h32c17.67 0 32-14.33 32-32V304h144c17.67 0 32-14.33 32-32v-32c0-17.67-14.33-32-32-32z\"><\/path><\/svg><\/span>\n\t\t<\/span>\n\n\t\t\t\t\t\t<\/summary>\n\t\t\t\t<div role=\"region\" aria-labelledby=\"e-n-accordion-item-1411\" class=\"elementor-element elementor-element-81f68f5 e-con-full e-flex e-con e-child\" data-id=\"81f68f5\" data-element_type=\"container\" data-e-type=\"container\">\n\t\t\t\t<div class=\"elementor-element elementor-element-744e290 elementor-widget__width-initial elementor-widget-mobile__width-inherit elementor-widget-tablet__width-inherit elementor-widget elementor-widget-text-editor\" data-id=\"744e290\" data-element_type=\"widget\" data-e-type=\"widget\" data-widget_type=\"text-editor.default\">\n\t\t\t\t\t\t\t\t\t<p>Aucun pr\u00e9requis n\u00e9cessaire. Le stage est ouvert aux adultes, conteurs\/teuses, com\u00e9diens\/com\u00e9diennes, e\u0301ducateurs\/trices, animateurs\/trices&#8230;<\/p>\t\t\t\t\t\t\t\t<\/div>\n\t\t\t\t<\/div>\n\t\t\t\t\t<\/details>\n\t\t\t\t\t\t<details id=\"e-n-accordion-item-1412\" class=\"e-n-accordion-item\" >\n\t\t\t\t<summary class=\"e-n-accordion-item-title\" data-accordion-index=\"3\" tabindex=\"-1\" aria-expanded=\"false\" aria-controls=\"e-n-accordion-item-1412\" >\n\t\t\t\t\t<span class='e-n-accordion-item-title-header'><div class=\"e-n-accordion-item-title-text\"> Modalit\u00e9s pratiques : <\/div><\/span>\n\t\t\t\t\t\t\t<span class='e-n-accordion-item-title-icon'>\n\t\t\t<span class='e-opened' ><svg aria-hidden=\"true\" class=\"e-font-icon-svg e-fas-minus\" viewBox=\"0 0 448 512\" xmlns=\"http:\/\/www.w3.org\/2000\/svg\"><path d=\"M416 208H32c-17.67 0-32 14.33-32 32v32c0 17.67 14.33 32 32 32h384c17.67 0 32-14.33 32-32v-32c0-17.67-14.33-32-32-32z\"><\/path><\/svg><\/span>\n\t\t\t<span class='e-closed'><svg aria-hidden=\"true\" class=\"e-font-icon-svg e-fas-plus\" viewBox=\"0 0 448 512\" xmlns=\"http:\/\/www.w3.org\/2000\/svg\"><path d=\"M416 208H272V64c0-17.67-14.33-32-32-32h-32c-17.67 0-32 14.33-32 32v144H32c-17.67 0-32 14.33-32 32v32c0 17.67 14.33 32 32 32h144v144c0 17.67 14.33 32 32 32h32c17.67 0 32-14.33 32-32V304h144c17.67 0 32-14.33 32-32v-32c0-17.67-14.33-32-32-32z\"><\/path><\/svg><\/span>\n\t\t<\/span>\n\n\t\t\t\t\t\t<\/summary>\n\t\t\t\t<div role=\"region\" aria-labelledby=\"e-n-accordion-item-1412\" class=\"elementor-element elementor-element-444dff1 e-con-full e-flex e-con e-child\" data-id=\"444dff1\" data-element_type=\"container\" data-e-type=\"container\">\n\t\t\t\t<div class=\"elementor-element elementor-element-39f2063 elementor-widget__width-initial elementor-widget-mobile__width-inherit elementor-widget-tablet__width-inherit elementor-widget elementor-widget-text-editor\" data-id=\"39f2063\" data-element_type=\"widget\" data-e-type=\"widget\" data-widget_type=\"text-editor.default\">\n\t\t\t\t\t\t\t\t\t<p><span style=\"text-decoration: underline;\">Lieu de stage<\/span> : \u2028<br \/>L\u2019accent 8 rue Contejean 25200 MONTBELIARD<br \/>Acc\u00e8s possible aux personnes en situation de handicap, merci de nous contacter.<\/p><p><span style=\"text-decoration: underline;\">Tarifs<\/span> :<br \/>&#8211; Formation autofinanc\u00e9e : 130 \u20ac x 3 jours = 390 \u20ac\u2028<br \/>&#8211; Formation financ\u00e9e par un OPCO (AFDAS, France Travail, Uniformation, etc), une collectivit\u00e9, une entreprise&#8230; : contactez-nous pour un devis !<\/p><p><span style=\"text-decoration: underline;\">Inscription<\/span> :<br \/>Compl\u00e9tez et signez la fiche de pr\u00e9-inscription -&gt; fiche \u00e0 t\u00e9l\u00e9charger dans l&rsquo;onglet suivant \u00ab\u00a0Documents \u00e0 t\u00e9l\u00e9charger\u00a0\u00bb<br \/>D\u00e9tails des modalit\u00e9s (h\u00e9bergement, transport, tarif) -&gt; document \u00e0 t\u00e9l\u00e9charger dans l&rsquo;onglet suivant \u00ab\u00a0Documents \u00e0 t\u00e9l\u00e9charger\u00a0\u00bb<\/p><p><span style=\"text-decoration: underline;\">Coordonn\u00e9es de l\u2019organisateur<\/span> :<br \/>L\u2019Atelier \u00e0 Histoires<br \/>49 grande rue 90300 SERMAMAGNY<br \/>t\u00e9l. 09 72 13 08 80 \/ t\u00e9l. depuis l\u2019\u00e9tranger 00 339 72 13 08 80<br \/>contact@atelierahistoires.fr<br \/>www.atelierahistoires.fr<\/p><p>L\u2019Atelier \u00e0 Histoires est une activit\u00e9 de l\u2019Association Les Singuliers<br \/>SIRET : 438 123 879 000 27 &#8211; APE : 9001Z<br \/>Association loi 1901 &#8211; Pr\u00e9fecture du Territoire de Belfort, n\u00b0W251000992<br \/>Agr\u00e9ment pr\u00e9fectoral n\u00b0 4390004999<\/p>\t\t\t\t\t\t\t\t<\/div>\n\t\t\t\t<\/div>\n\t\t\t\t\t<\/details>\n\t\t\t\t\t\t<details id=\"e-n-accordion-item-1413\" class=\"e-n-accordion-item\" >\n\t\t\t\t<summary class=\"e-n-accordion-item-title\" data-accordion-index=\"4\" tabindex=\"-1\" aria-expanded=\"false\" aria-controls=\"e-n-accordion-item-1413\" >\n\t\t\t\t\t<span class='e-n-accordion-item-title-header'><div class=\"e-n-accordion-item-title-text\"> Documents \u00e0 t\u00e9l\u00e9charger : <\/div><\/span>\n\t\t\t\t\t\t\t<span class='e-n-accordion-item-title-icon'>\n\t\t\t<span class='e-opened' ><svg aria-hidden=\"true\" class=\"e-font-icon-svg e-fas-minus\" viewBox=\"0 0 448 512\" xmlns=\"http:\/\/www.w3.org\/2000\/svg\"><path d=\"M416 208H32c-17.67 0-32 14.33-32 32v32c0 17.67 14.33 32 32 32h384c17.67 0 32-14.33 32-32v-32c0-17.67-14.33-32-32-32z\"><\/path><\/svg><\/span>\n\t\t\t<span class='e-closed'><svg aria-hidden=\"true\" class=\"e-font-icon-svg e-fas-plus\" viewBox=\"0 0 448 512\" xmlns=\"http:\/\/www.w3.org\/2000\/svg\"><path d=\"M416 208H272V64c0-17.67-14.33-32-32-32h-32c-17.67 0-32 14.33-32 32v144H32c-17.67 0-32 14.33-32 32v32c0 17.67 14.33 32 32 32h144v144c0 17.67 14.33 32 32 32h32c17.67 0 32-14.33 32-32V304h144c17.67 0 32-14.33 32-32v-32c0-17.67-14.33-32-32-32z\"><\/path><\/svg><\/span>\n\t\t<\/span>\n\n\t\t\t\t\t\t<\/summary>\n\t\t\t\t<div role=\"region\" aria-labelledby=\"e-n-accordion-item-1413\" class=\"elementor-element elementor-element-0c7698d e-flex e-con-boxed e-con e-child\" data-id=\"0c7698d\" data-element_type=\"container\" data-e-type=\"container\">\n\t\t\t\t\t<div class=\"e-con-inner\">\n\t\t\t\t<div class=\"elementor-element elementor-element-7d09386 elementor-icon-list--layout-traditional elementor-list-item-link-full_width elementor-widget elementor-widget-icon-list\" data-id=\"7d09386\" data-element_type=\"widget\" data-e-type=\"widget\" data-widget_type=\"icon-list.default\">\n\t\t\t\t\t\t\t<ul class=\"elementor-icon-list-items\">\n\t\t\t\t\t\t\t<li class=\"elementor-icon-list-item\">\n\t\t\t\t\t\t\t\t\t\t\t<a href=\"http:\/\/latelierahistoires.fr\/wp-content\/uploads\/2026\/02\/fiche_pre-inscription-ah_-_2026-1.pdf\">\n\n\t\t\t\t\t\t\t\t\t\t\t\t<span class=\"elementor-icon-list-icon\">\n\t\t\t\t\t\t\t<svg aria-hidden=\"true\" class=\"e-font-icon-svg e-far-file-pdf\" viewBox=\"0 0 384 512\" xmlns=\"http:\/\/www.w3.org\/2000\/svg\"><path d=\"M369.9 97.9L286 14C277 5 264.8-.1 252.1-.1H48C21.5 0 0 21.5 0 48v416c0 26.5 21.5 48 48 48h288c26.5 0 48-21.5 48-48V131.9c0-12.7-5.1-25-14.1-34zM332.1 128H256V51.9l76.1 76.1zM48 464V48h160v104c0 13.3 10.7 24 24 24h104v288H48zm250.2-143.7c-12.2-12-47-8.7-64.4-6.5-17.2-10.5-28.7-25-36.8-46.3 3.9-16.1 10.1-40.6 5.4-56-4.2-26.2-37.8-23.6-42.6-5.9-4.4 16.1-.4 38.5 7 67.1-10 23.9-24.9 56-35.4 74.4-20 10.3-47 26.2-51 46.2-3.3 15.8 26 55.2 76.1-31.2 22.4-7.4 46.8-16.5 68.4-20.1 18.9 10.2 41 17 55.8 17 25.5 0 28-28.2 17.5-38.7zm-198.1 77.8c5.1-13.7 24.5-29.5 30.4-35-19 30.3-30.4 35.7-30.4 35zm81.6-190.6c7.4 0 6.7 32.1 1.8 40.8-4.4-13.9-4.3-40.8-1.8-40.8zm-24.4 136.6c9.7-16.9 18-37 24.7-54.7 8.3 15.1 18.9 27.2 30.1 35.5-20.8 4.3-38.9 13.1-54.8 19.2zm131.6-5s-5 6-37.3-7.8c35.1-2.6 40.9 5.4 37.3 7.8z\"><\/path><\/svg>\t\t\t\t\t\t<\/span>\n\t\t\t\t\t\t\t\t\t\t<span class=\"elementor-icon-list-text\">Fiche de pr\u00e9-inscription<\/span>\n\t\t\t\t\t\t\t\t\t\t\t<\/a>\n\t\t\t\t\t\t\t\t\t<\/li>\n\t\t\t\t\t\t\t\t<li class=\"elementor-icon-list-item\">\n\t\t\t\t\t\t\t\t\t\t\t<a href=\"http:\/\/latelierahistoires.fr\/wp-content\/uploads\/2026\/02\/Dossier-Conte-Randonnee2026.pdf\">\n\n\t\t\t\t\t\t\t\t\t\t\t\t<span class=\"elementor-icon-list-icon\">\n\t\t\t\t\t\t\t<svg aria-hidden=\"true\" class=\"e-font-icon-svg e-far-file-pdf\" viewBox=\"0 0 384 512\" xmlns=\"http:\/\/www.w3.org\/2000\/svg\"><path d=\"M369.9 97.9L286 14C277 5 264.8-.1 252.1-.1H48C21.5 0 0 21.5 0 48v416c0 26.5 21.5 48 48 48h288c26.5 0 48-21.5 48-48V131.9c0-12.7-5.1-25-14.1-34zM332.1 128H256V51.9l76.1 76.1zM48 464V48h160v104c0 13.3 10.7 24 24 24h104v288H48zm250.2-143.7c-12.2-12-47-8.7-64.4-6.5-17.2-10.5-28.7-25-36.8-46.3 3.9-16.1 10.1-40.6 5.4-56-4.2-26.2-37.8-23.6-42.6-5.9-4.4 16.1-.4 38.5 7 67.1-10 23.9-24.9 56-35.4 74.4-20 10.3-47 26.2-51 46.2-3.3 15.8 26 55.2 76.1-31.2 22.4-7.4 46.8-16.5 68.4-20.1 18.9 10.2 41 17 55.8 17 25.5 0 28-28.2 17.5-38.7zm-198.1 77.8c5.1-13.7 24.5-29.5 30.4-35-19 30.3-30.4 35.7-30.4 35zm81.6-190.6c7.4 0 6.7 32.1 1.8 40.8-4.4-13.9-4.3-40.8-1.8-40.8zm-24.4 136.6c9.7-16.9 18-37 24.7-54.7 8.3 15.1 18.9 27.2 30.1 35.5-20.8 4.3-38.9 13.1-54.8 19.2zm131.6-5s-5 6-37.3-7.8c35.1-2.6 40.9 5.4 37.3 7.8z\"><\/path><\/svg>\t\t\t\t\t\t<\/span>\n\t\t\t\t\t\t\t\t\t\t<span class=\"elementor-icon-list-text\">Dossier de pr\u00e9sentation<\/span>\n\t\t\t\t\t\t\t\t\t\t\t<\/a>\n\t\t\t\t\t\t\t\t\t<\/li>\n\t\t\t\t\t\t\t\t<li class=\"elementor-icon-list-item\">\n\t\t\t\t\t\t\t\t\t\t\t<a href=\"http:\/\/latelierahistoires.fr\/wp-content\/uploads\/2026\/02\/modalites-site-montbeliard.pdf\">\n\n\t\t\t\t\t\t\t\t\t\t\t\t<span class=\"elementor-icon-list-icon\">\n\t\t\t\t\t\t\t<svg aria-hidden=\"true\" class=\"e-font-icon-svg e-far-file-pdf\" viewBox=\"0 0 384 512\" xmlns=\"http:\/\/www.w3.org\/2000\/svg\"><path d=\"M369.9 97.9L286 14C277 5 264.8-.1 252.1-.1H48C21.5 0 0 21.5 0 48v416c0 26.5 21.5 48 48 48h288c26.5 0 48-21.5 48-48V131.9c0-12.7-5.1-25-14.1-34zM332.1 128H256V51.9l76.1 76.1zM48 464V48h160v104c0 13.3 10.7 24 24 24h104v288H48zm250.2-143.7c-12.2-12-47-8.7-64.4-6.5-17.2-10.5-28.7-25-36.8-46.3 3.9-16.1 10.1-40.6 5.4-56-4.2-26.2-37.8-23.6-42.6-5.9-4.4 16.1-.4 38.5 7 67.1-10 23.9-24.9 56-35.4 74.4-20 10.3-47 26.2-51 46.2-3.3 15.8 26 55.2 76.1-31.2 22.4-7.4 46.8-16.5 68.4-20.1 18.9 10.2 41 17 55.8 17 25.5 0 28-28.2 17.5-38.7zm-198.1 77.8c5.1-13.7 24.5-29.5 30.4-35-19 30.3-30.4 35.7-30.4 35zm81.6-190.6c7.4 0 6.7 32.1 1.8 40.8-4.4-13.9-4.3-40.8-1.8-40.8zm-24.4 136.6c9.7-16.9 18-37 24.7-54.7 8.3 15.1 18.9 27.2 30.1 35.5-20.8 4.3-38.9 13.1-54.8 19.2zm131.6-5s-5 6-37.3-7.8c35.1-2.6 40.9 5.4 37.3 7.8z\"><\/path><\/svg>\t\t\t\t\t\t<\/span>\n\t\t\t\t\t\t\t\t\t\t<span class=\"elementor-icon-list-text\">Modalit\u00e9s montb\u00e9liard<\/span>\n\t\t\t\t\t\t\t\t\t\t\t<\/a>\n\t\t\t\t\t\t\t\t\t<\/li>\n\t\t\t\t\t\t<\/ul>\n\t\t\t\t\t\t<\/div>\n\t\t\t\t\t<\/div>\n\t\t\t\t<\/div>\n\t\t\t\t\t<\/details>\n\t\t\t\t\t\t<details id=\"e-n-accordion-item-1414\" class=\"e-n-accordion-item\" >\n\t\t\t\t<summary class=\"e-n-accordion-item-title\" data-accordion-index=\"5\" tabindex=\"-1\" aria-expanded=\"false\" aria-controls=\"e-n-accordion-item-1414\" >\n\t\t\t\t\t<span class='e-n-accordion-item-title-header'><div class=\"e-n-accordion-item-title-text\"> La formatrice : <\/div><\/span>\n\t\t\t\t\t\t\t<span class='e-n-accordion-item-title-icon'>\n\t\t\t<span class='e-opened' ><svg aria-hidden=\"true\" class=\"e-font-icon-svg e-fas-minus\" viewBox=\"0 0 448 512\" xmlns=\"http:\/\/www.w3.org\/2000\/svg\"><path d=\"M416 208H32c-17.67 0-32 14.33-32 32v32c0 17.67 14.33 32 32 32h384c17.67 0 32-14.33 32-32v-32c0-17.67-14.33-32-32-32z\"><\/path><\/svg><\/span>\n\t\t\t<span class='e-closed'><svg aria-hidden=\"true\" class=\"e-font-icon-svg e-fas-plus\" viewBox=\"0 0 448 512\" xmlns=\"http:\/\/www.w3.org\/2000\/svg\"><path d=\"M416 208H272V64c0-17.67-14.33-32-32-32h-32c-17.67 0-32 14.33-32 32v144H32c-17.67 0-32 14.33-32 32v32c0 17.67 14.33 32 32 32h144v144c0 17.67 14.33 32 32 32h32c17.67 0 32-14.33 32-32V304h144c17.67 0 32-14.33 32-32v-32c0-17.67-14.33-32-32-32z\"><\/path><\/svg><\/span>\n\t\t<\/span>\n\n\t\t\t\t\t\t<\/summary>\n\t\t\t\t<div role=\"region\" aria-labelledby=\"e-n-accordion-item-1414\" class=\"elementor-element elementor-element-e6951f0 e-flex e-con-boxed e-con e-child\" data-id=\"e6951f0\" data-element_type=\"container\" data-e-type=\"container\">\n\t\t\t\t\t<div class=\"e-con-inner\">\n\t\t\t\t<div class=\"elementor-element elementor-element-48a723b elementor-widget__width-initial elementor-widget-mobile__width-inherit elementor-widget-tablet__width-inherit elementor-widget elementor-widget-text-editor\" data-id=\"48a723b\" data-element_type=\"widget\" data-e-type=\"widget\" data-widget_type=\"text-editor.default\">\n\t\t\t\t\t\t\t\t\t<p><strong>Swan Blach\u00e8re<\/strong> est conteuse et metteuse en sc\u00e8ne.<br \/>Enfant unique elle grandit dans une petite ville entre lac et montagnes o\u00f9 elle explore les lieux abandonn\u00e9s, les cimeti\u00e8res, les biblioth\u00e8ques et les souvenirs des gens qui se racontent \u00e0 elle. Elle voit et entend des histoires partout, d\u00e9couvre les contes, les mythologies, le cin\u00e9ma et l\u2019\u00e9criture.<br \/>Au coll\u00e8ge elle d\u00e9m\u00e9nage \u00e0 Poitiers et rencontre le th\u00e9\u00e2tre..elle n\u2019a plus quitt\u00e9 les plateaux depuis !<br \/>Elle donne ses premiers ateliers au lyc\u00e9e, ne tarde pas \u00e0 mettre en sc\u00e8ne du th\u00e9\u00e2tre, des chorales\u2026<\/p><p>Insatiable touche \u00e0 tout, elle voyage, se passionne pour les musiques du monde, poursuit des \u00e9tudes cin\u00e9matographiques \u00e0 Lyon, continue \u00e0 approfondir le travail du corps (danse contemporaine, arts martiaux) et de la voix (m\u00e9thode Roy Hart) dirige toujours de nombreux ateliers th\u00e9\u00e2tre, accompagne des musicien\u00b7nes en coaching sc\u00e9nique\u2026<br \/>Un pas en entra\u00eene un autre, elle pose ses valises \u00e0 Lille en 2003 et rejoint le collectif de musiciens de la Cie du Tire-laine o\u00f9 elle d\u00e9couvre le conte.<br \/>Raconter ! C\u2019est \u00e7a qu\u2019elle avait toujours voulu faire !<br \/>Alors depuis 2010 Swan raconte &#8211; seule ou avec des musicie\u00b7ne\u00b7s &#8211; des histoires d\u2019ici, souvent teint\u00e9es d\u2019ailleurs, des contes traditionnels, des r\u00e9cits de vie qu\u2019elle collecte, tisse et partage avec bonheur.<br \/>Elle cr\u00e9e sa cie La voyageuse immobile en 2013.<br \/>Formatrice dans l\u2019art de l\u2019oralit\u00e9, elle donne de nombreux stages lors de festivals et intervient pour la formation de m\u00e9diateur\u00b7ices culturelles, l\u2019accompagnement de doctorant\u00b7es en sciences, com\u00e9dien\u00b7nes\u2026<br \/>Elle pilote de nombreux projets de formation, labos, master-class autour des diff\u00e9rents arts de la sc\u00e8ne, th\u00e9\u00e2tre, mouvement, voix.<br \/>Metteuse en sc\u00e8ne, elle travaille avec des conteuses, des chorales, des groupes de musique, des humoristes, m\u00e8ne de nombreux projets de spectacles pluridisciplinaires avec des professionnels et des personnes fragilis\u00e9es ou \u00e9loign\u00e9es de la culture (d\u00e9tention, personnes porteuses de handicap, centres sociaux).<br \/>Conteuse, elle raconte dans les th\u00e9\u00e2tres, les prisons les h\u00f4pitaux, les friches industrielles, les \u00e9glises, les for\u00eats\u2026 ses diff\u00e9rentes cr\u00e9ations la ram\u00e8nent toujours \u00e0 la crois\u00e9e des chemins entre les mythes, l\u2019intime et l\u2019histoire avec un grand H.<\/p>\t\t\t\t\t\t\t\t<\/div>\n\t\t\t\t\t<\/div>\n\t\t\t\t<\/div>\n\t\t\t\t\t<\/details>\n\t\t\t\t\t<\/div>\n\t\t\t\t\t\t<\/div>\n\t\t\t\t\t<\/div>\n\t\t\t\t<\/div>\n\t\t\t\t<\/div>\n\t\t","protected":false},"excerpt":{"rendered":"<p>Les incontournables du conte de randonn\u00e9e par Swan Blach\u00e8re Du Samedi 4 au Lundi 6 Juillet 2026 Contenu de la formation : Ces contes, que l\u2019on connai\u0302t depuis la petite enfance, emboi\u0302tent, accumulent dans un sens et puis dans l\u2019autre, tissent et de\u0301tissent, construisent et de\u0301construisent selon une logique et un rythme imparables, pour ne&#8230;<\/p>\n","protected":false},"author":2,"featured_media":0,"parent":15,"menu_order":0,"comment_status":"closed","ping_status":"closed","template":"","meta":{"_kad_post_transparent":"","_kad_post_title":"hide","_kad_post_layout":"fullwidth","_kad_post_sidebar_id":"","_kad_post_content_style":"unboxed","_kad_post_vertical_padding":"hide","_kad_post_feature":"hide","_kad_post_feature_position":"","_kad_post_header":false,"_kad_post_footer":false,"_kad_post_classname":"","footnotes":""},"class_list":["post-686","page","type-page","status-publish","hentry"],"_links":{"self":[{"href":"https:\/\/latelierahistoires.fr\/index.php\/wp-json\/wp\/v2\/pages\/686","targetHints":{"allow":["GET"]}}],"collection":[{"href":"https:\/\/latelierahistoires.fr\/index.php\/wp-json\/wp\/v2\/pages"}],"about":[{"href":"https:\/\/latelierahistoires.fr\/index.php\/wp-json\/wp\/v2\/types\/page"}],"author":[{"embeddable":true,"href":"https:\/\/latelierahistoires.fr\/index.php\/wp-json\/wp\/v2\/users\/2"}],"replies":[{"embeddable":true,"href":"https:\/\/latelierahistoires.fr\/index.php\/wp-json\/wp\/v2\/comments?post=686"}],"version-history":[{"count":10,"href":"https:\/\/latelierahistoires.fr\/index.php\/wp-json\/wp\/v2\/pages\/686\/revisions"}],"predecessor-version":[{"id":788,"href":"https:\/\/latelierahistoires.fr\/index.php\/wp-json\/wp\/v2\/pages\/686\/revisions\/788"}],"up":[{"embeddable":true,"href":"https:\/\/latelierahistoires.fr\/index.php\/wp-json\/wp\/v2\/pages\/15"}],"wp:attachment":[{"href":"https:\/\/latelierahistoires.fr\/index.php\/wp-json\/wp\/v2\/media?parent=686"}],"curies":[{"name":"wp","href":"https:\/\/api.w.org\/{rel}","templated":true}]}}